{"id":13,"date":"2024-11-02T18:10:05","date_gmt":"2024-11-02T18:10:05","guid":{"rendered":"https:\/\/frivilligvaerket.dk\/?page_id=13"},"modified":"2025-01-14T22:52:53","modified_gmt":"2025-01-14T22:52:53","slug":"raadgivning-for-foreninger","status":"publish","type":"page","link":"https:\/\/frivilligvaerket.dk\/index.php\/raadgivning-for-foreninger\/","title":{"rendered":"R\u00e5dgivning for foreninger"},"content":{"rendered":"<p><img decoding=\"async\" src=\"\/wp-content\/uploads\/photo-1552664688-cf412ec27db2-scaled.jpg\" alt=\"\"><\/p>\n<div>\n<h3>Frivilligv\u00e6rket tilbyder gratis r\u00e5dgivning og sparring til foreninger, f\u00e6llesskaber og netv\u00e6rk. Vi vil rigtig gerne hj\u00e6lpe jer med at l\u00f8se de udfordringer, I st\u00e5r med i jeres forening. M\u00e5ske vil I gerne blive bedre til at fundraise eller have flere nye frivillige.<\/h3>\n<div>\n<p>Frivilligv\u00e6rket tilbyder bl.a. r\u00e5dgivning om f\u00f8lgende emner:<\/p>\n<ul>\n<li>Opstart af ny forening<\/li>\n<li>Fundraising<\/li>\n<li>Rekruttering og ledelse af frivillige<\/li>\n<li>Bestyrelsesarbejde og foreningsdrift<\/li>\n<li>Projekt- og strategiudvikling<\/li>\n<li>Kommunikation og interessevaretagelse<\/li>\n<\/ul>\n<p>Vores r\u00e5dgivning er gratis, og det er vores ansatte, der st\u00e5r for r\u00e5dgivningen. Vi foretr\u00e6kker at m\u00f8des personligt i forbindelse med r\u00e5dgivningen. Vi kan enten m\u00f8des i Frivilligv\u00e6rket eller hos jer. Vi kan fx ogs\u00e5 deltage p\u00e5 et bestyrelsesm\u00f8de eller et strategim\u00f8de om udvikling af jeres forening. R\u00e5dgivningen kan dog ogs\u00e5 foreg\u00e5 over telefon eller som et online m\u00f8de.<\/p>\n<p>Hvis din forening har brug for r\u00e5dgivning eller vejledning, er du altid velkommen til at kontakte den daglige leder af Frivilligv\u00e6rket Mette S\u00f8rensen p\u00e5\u00a0<a href=\"mailto:mette@frivilligvaerket.dk\">mette@frivilligvaerket.dk<\/a>\u00a0eller mobil\u00a029 16 19 21.<\/p>\n<\/p>\n<\/div>\n<\/div>\n<div>\n<h3>R\u00e5dgivning for virksomheder og offentlige institutioner<\/h3>\n<div>\n<p>Frivilligv\u00e6rket tilbyder ogs\u00e5 r\u00e5dgivning og sparring til virksomheder eller offentlige institutioner, der \u00f8nsker at samarbejde med frivillige og foreninger.<\/p>\n<\/div>\n<\/div>\n<p><!--more--><br \/>\n<!-- {\"type\":\"layout\",\"children\":[{\"type\":\"section\",\"props\":{\"image_position\":\"center-center\",\"style\":\"default\",\"title_breakpoint\":\"xl\",\"title_position\":\"top-left\",\"title_rotation\":\"left\",\"vertical_align\":\"middle\",\"width\":\"default\"},\"children\":[{\"type\":\"row\",\"props\":{\"layout\":\"1-3,2-3\"},\"children\":[{\"type\":\"column\",\"props\":{\"image_position\":\"center-center\",\"position_sticky_breakpoint\":\"m\",\"width_medium\":\"1-3\"},\"children\":[{\"type\":\"image\",\"props\":{\"image\":\"wp-content\\\/uploads\\\/photo-1552664688-cf412ec27db2-scaled.jpg\",\"image_svg_color\":\"emphasis\",\"margin\":\"default\"}}]},{\"type\":\"column\",\"props\":{\"image_position\":\"center-center\",\"position_sticky_breakpoint\":\"m\",\"width_medium\":\"2-3\"},\"children\":[{\"type\":\"headline\",\"props\":{\"title_element\":\"h1\"},\"source\":{\"query\":{\"name\":\"pages.singlePage\"},\"props\":{\"content\":{\"filters\":{\"search\":\"\"},\"name\":\"title\"}}}},{\"type\":\"panel\",\"props\":{\"content\":\"\n\n<p>Frivilligv\\u00e6rket tilbyder bl.a. r\\u00e5dgivning om f\\u00f8lgende emner:<\\\/p>\\n\n\n<ul>\\n\n\n<li>Opstart af ny forening<\\\/li>\\n\n\n<li>Fundraising<\\\/li>\\n\n\n<li>Rekruttering og ledelse af frivillige<\\\/li>\\n\n\n<li>Bestyrelsesarbejde og foreningsdrift<\\\/li>\\n\n\n<li>Projekt- og strategiudvikling<\\\/li>\\n\n\n<li>Kommunikation og interessevaretagelse<\\\/li>\\n<\\\/ul>\\n\n\n<p>Vores r\\u00e5dgivning er gratis, og det er vores ansatte, der st\\u00e5r for r\\u00e5dgivningen. Vi foretr\\u00e6kker at m\\u00f8des personligt i forbindelse med r\\u00e5dgivningen. Vi kan enten m\\u00f8des i Frivilligv\\u00e6rket eller hos jer. Vi kan fx ogs\\u00e5 deltage p\\u00e5 et bestyrelsesm\\u00f8de eller et strategim\\u00f8de om udvikling af jeres forening. R\\u00e5dgivningen kan dog ogs\\u00e5 foreg\\u00e5 over telefon eller som et online m\\u00f8de.<\\\/p>\\n\n\n<p>Hvis din forening har brug for r\\u00e5dgivning eller vejledning, er du altid velkommen til at kontakte den daglige leder af Frivilligv\\u00e6rket Mette S\\u00f8rensen p\\u00e5\\u00a0<a href=\\\"mailto:mette@frivilligvaerket.dk\\\">mette@frivilligvaerket.dk<\\\/a>\\u00a0eller mobil\\u00a029 16 19 21.<\\\/p>\\n\n\n<p><\\\/p>\",\"content_column_breakpoint\":\"m\",\"icon_width\":80,\"image_align\":\"top\",\"image_grid_breakpoint\":\"m\",\"image_grid_width\":\"1-2\",\"image_svg_color\":\"emphasis\",\"link_style\":\"default\",\"link_text\":\"Read more\",\"margin\":\"default\",\"meta_align\":\"below-title\",\"meta_element\":\"div\",\"meta_style\":\"text-meta\",\"title\":\"Frivilligv\\u00e6rket tilbyder gratis r\\u00e5dgivning og sparring til foreninger, f\\u00e6llesskaber og netv\\u00e6rk. Vi vil rigtig gerne hj\\u00e6lpe jer med at l\\u00f8se de udfordringer, I st\\u00e5r med i jeres forening. M\\u00e5ske vil I gerne blive bedre til at fundraise eller have flere nye frivillige.\",\"title_align\":\"top\",\"title_element\":\"h3\",\"title_grid_breakpoint\":\"m\",\"title_grid_width\":\"1-2\",\"title_hover_style\":\"reset\"}}]}]},{\"type\":\"row\",\"children\":[{\"type\":\"column\",\"props\":{\"image_position\":\"center-center\",\"position_sticky_breakpoint\":\"m\"},\"children\":[{\"type\":\"panel\",\"props\":{\"content\":\"\n\n<p>Frivilligv\\u00e6rket tilbyder ogs\\u00e5 r\\u00e5dgivning og sparring til virksomheder eller offentlige institutioner, der \\u00f8nsker at samarbejde med frivillige og foreninger.<\\\/p>\",\"content_column_breakpoint\":\"m\",\"icon_width\":80,\"image_align\":\"top\",\"image_grid_breakpoint\":\"m\",\"image_grid_width\":\"1-2\",\"image_svg_color\":\"emphasis\",\"link_style\":\"default\",\"link_text\":\"Read more\",\"margin\":\"default\",\"meta_align\":\"below-title\",\"meta_element\":\"div\",\"meta_style\":\"text-meta\",\"title\":\"R\\u00e5dgivning for virksomheder og offentlige institutioner\",\"title_align\":\"top\",\"title_element\":\"h3\",\"title_grid_breakpoint\":\"m\",\"title_grid_width\":\"1-2\",\"title_hover_style\":\"reset\"}}]}]}]}],\"version\":\"4.4.20\"} --><\/p>\n","protected":false},"excerpt":{"rendered":"<p>Frivilligv\u00e6rket tilbyder gratis r\u00e5dgivning og sparring til foreninger, f\u00e6llesskaber og netv\u00e6rk. Vi vil rigtig gerne hj\u00e6lpe jer med at l\u00f8se de udfordringer, I st\u00e5r med i jeres forening. M\u00e5ske vil I gerne blive bedre til at fundraise eller have flere nye frivillige. Frivilligv\u00e6rket tilbyder bl.a. r\u00e5dgivning om f\u00f8lgende emner: Opstart af ny forening Fundraising Rekruttering [&hellip;]<\/p>\n","protected":false},"author":1,"featured_media":0,"parent":0,"menu_order":0,"comment_status":"closed","ping_status":"closed","template":"","meta":{"footnotes":""},"class_list":["post-13","page","type-page","status-publish","hentry"],"_links":{"self":[{"href":"https:\/\/frivilligvaerket.dk\/index.php\/wp-json\/wp\/v2\/pages\/13","targetHints":{"allow":["GET"]}}],"collection":[{"href":"https:\/\/frivilligvaerket.dk\/index.php\/wp-json\/wp\/v2\/pages"}],"about":[{"href":"https:\/\/frivilligvaerket.dk\/index.php\/wp-json\/wp\/v2\/types\/page"}],"author":[{"embeddable":true,"href":"https:\/\/frivilligvaerket.dk\/index.php\/wp-json\/wp\/v2\/users\/1"}],"replies":[{"embeddable":true,"href":"https:\/\/frivilligvaerket.dk\/index.php\/wp-json\/wp\/v2\/comments?post=13"}],"version-history":[{"count":11,"href":"https:\/\/frivilligvaerket.dk\/index.php\/wp-json\/wp\/v2\/pages\/13\/revisions"}],"predecessor-version":[{"id":465,"href":"https:\/\/frivilligvaerket.dk\/index.php\/wp-json\/wp\/v2\/pages\/13\/revisions\/465"}],"wp:attachment":[{"href":"https:\/\/frivilligvaerket.dk\/index.php\/wp-json\/wp\/v2\/media?parent=13"}],"curies":[{"name":"wp","href":"https:\/\/api.w.org\/{rel}","templated":true}]}}