{"id":17,"date":"2024-11-02T18:11:00","date_gmt":"2024-11-02T18:11:00","guid":{"rendered":"https:\/\/frivilligvaerket.dk\/?page_id=17"},"modified":"2025-02-05T12:27:57","modified_gmt":"2025-02-05T12:27:57","slug":"start-ny-forening","status":"publish","type":"page","link":"https:\/\/frivilligvaerket.dk\/index.php\/start-ny-forening\/","title":{"rendered":"Start ny forening"},"content":{"rendered":"<div>\n<h3>Har I en id\u00e9 til en ny forening eller et nyt initiativ? S\u00e5 kan der v\u00e6re mange ting, man skal have styr p\u00e5, og der kan v\u00e6re mange sp\u00f8rgsm\u00e5l. Frivilligv\u00e6rket st\u00e5r derfor klar med r\u00e5dgivning og sparring, s\u00e5 I kan komme godt i gang og g\u00e5 fra id\u00e9 til handling.<\/h3>\n<div>\n<p>Vil I starte et nyt initiativ, s\u00e5 er der flere ting I skal overveje. Det er ofte en god id\u00e9 at oprette en forening, og det er heldigvis forholdsvis enkelt at oprette en forening. Frivilligv\u00e6rket kan r\u00e5dgive jer om alle skridt i processen.<\/p>\n<p>Frivilligv\u00e6rkets r\u00e5dgivning om opstart af forening kan fx handle om:<\/p>\n<ul>\n<li>Hvad skal I overveje f\u00f8r I stifter en forening?<\/li>\n<li>Hvilke formelle krav er der til en forening?<\/li>\n<li>Hvad skal form\u00e5let med foreningen v\u00e6re?<\/li>\n<li>Hvad skal der st\u00e5 i foreningens vedt\u00e6gter?<\/li>\n<li>Hvad er bestyrelsens rolle og opgave?<\/li>\n<li>Hvordan holder I en stiftende generalforsamling?<\/li>\n<\/ul>\n<p>Har I brug for r\u00e5dgivning om opstart af en ny forening, er I altid velkomne til at kontakte den daglige leder af Frivilligv\u00e6rket Mette S\u00f8rensen p\u00e5\u00a0<a href=\"mailto:mette@frivilligvaerket.dk\">mette@frivilligvaerket.dk<\/a>\u00a0eller mobil\u00a029 16 19 21.<\/p>\n<\/p>\n<\/div>\n<\/div>\n<div>\n<h3>Materiale om opstart af foreninger<\/h3>\n<div>\n<p>Center for Frivilligt Socialt Arbejde har udarbejdet forskellige guides om opstart af foreninger. I de forskellige guides kan I<span> hurtigt f\u00e5 svar p\u00e5, hvordan I etablerer en frivillig forening, udformer vedt\u00e6gter og holder stiftende generalforsamling.<\/span><\/p>\n<\/div>\n<\/div>\n<p>\n    <a href=\"https:\/\/frivillighed.dk\/guides\/saadan-starter-i-nemt-en-ny-forening\">Guides om hvordan man opretter en forening<\/a>\n<\/p>\n<p><img decoding=\"async\" src=\"\/wp-content\/uploads\/photo-1517048676732-d65bc937f952-scaled.jpg\" alt=\"\"><\/p>\n<p><!--more--><br \/>\n<!-- {\"type\":\"layout\",\"children\":[{\"type\":\"section\",\"props\":{\"image_position\":\"center-center\",\"style\":\"default\",\"title_breakpoint\":\"xl\",\"title_position\":\"top-left\",\"title_rotation\":\"left\",\"vertical_align\":\"middle\",\"width\":\"default\"},\"children\":[{\"type\":\"row\",\"children\":[{\"type\":\"column\",\"props\":{\"image_position\":\"center-center\",\"position_sticky_breakpoint\":\"m\"},\"children\":[{\"type\":\"headline\",\"props\":{\"title_element\":\"h1\"},\"source\":{\"query\":{\"name\":\"pages.singlePage\"},\"props\":{\"content\":{\"filters\":{\"search\":\"\"},\"name\":\"title\"}}}}]}]},{\"type\":\"row\",\"props\":{\"layout\":\"2-3,1-3\"},\"children\":[{\"type\":\"column\",\"props\":{\"image_position\":\"center-center\",\"position_sticky_breakpoint\":\"m\",\"width_medium\":\"2-3\"},\"children\":[{\"type\":\"panel\",\"props\":{\"content\":\"\n\n<p>Vil I starte et nyt initiativ, s\\u00e5 er der flere ting I skal overveje. Det er ofte en god id\\u00e9 at oprette en forening, og det er heldigvis forholdsvis enkelt at oprette en forening. Frivilligv\\u00e6rket kan r\\u00e5dgive jer om alle skridt i processen.<\\\/p>\\n\n\n<p>Frivilligv\\u00e6rkets r\\u00e5dgivning om opstart af forening kan fx handle om:<\\\/p>\\n\n\n<ul>\\n\n\n<li>Hvad skal I overveje f\\u00f8r I stifter en forening?<\\\/li>\\n\n\n<li>Hvilke formelle krav er der til en forening?<\\\/li>\\n\n\n<li>Hvad skal form\\u00e5let med foreningen v\\u00e6re?<\\\/li>\\n\n\n<li>Hvad skal der st\\u00e5 i foreningens vedt\\u00e6gter?<\\\/li>\\n\n\n<li>Hvad er bestyrelsens rolle og opgave?<\\\/li>\\n\n\n<li>Hvordan holder I en stiftende generalforsamling?<\\\/li>\\n<\\\/ul>\\n\n\n<p>Har I brug for r\\u00e5dgivning om opstart af en ny forening, er I altid velkomne til at kontakte den daglige leder af Frivilligv\\u00e6rket Mette S\\u00f8rensen p\\u00e5\\u00a0<a href=\\\"mailto:mette@frivilligvaerket.dk\\\">mette@frivilligvaerket.dk<\\\/a>\\u00a0eller mobil\\u00a029 16 19 21.<\\\/p>\\n\n\n<p><\\\/p>\",\"content_column_breakpoint\":\"m\",\"icon_width\":80,\"image_align\":\"top\",\"image_grid_breakpoint\":\"m\",\"image_grid_width\":\"1-2\",\"image_svg_color\":\"emphasis\",\"link_style\":\"default\",\"link_text\":\"Read more\",\"margin\":\"default\",\"meta_align\":\"below-title\",\"meta_element\":\"div\",\"meta_style\":\"text-meta\",\"title\":\"Har I en id\\u00e9 til en ny forening eller et nyt initiativ? S\\u00e5 kan der v\\u00e6re mange ting, man skal have styr p\\u00e5, og der kan v\\u00e6re mange sp\\u00f8rgsm\\u00e5l. Frivilligv\\u00e6rket st\\u00e5r derfor klar med r\\u00e5dgivning og sparring, s\\u00e5 I kan komme godt i gang og g\\u00e5 fra id\\u00e9 til handling.\",\"title_align\":\"top\",\"title_element\":\"h3\",\"title_grid_breakpoint\":\"m\",\"title_grid_width\":\"1-2\",\"title_hover_style\":\"reset\"}},{\"type\":\"panel\",\"props\":{\"content\":\"\n\n<p>Center for Frivilligt Socialt Arbejde har udarbejdet forskellige guides om opstart af foreninger. I de forskellige guides kan I<span> hurtigt f\\u00e5 svar p\\u00e5, hvordan I etablerer en frivillig forening, udformer vedt\\u00e6gter og holder stiftende generalforsamling.<\\\/span><\\\/p>\",\"content_column_breakpoint\":\"m\",\"icon_width\":80,\"image_align\":\"top\",\"image_grid_breakpoint\":\"m\",\"image_grid_width\":\"1-2\",\"image_svg_color\":\"emphasis\",\"link_style\":\"default\",\"link_text\":\"Read more\",\"margin\":\"default\",\"meta_align\":\"below-title\",\"meta_element\":\"div\",\"meta_style\":\"text-meta\",\"title\":\"Materiale om opstart af foreninger\",\"title_align\":\"top\",\"title_element\":\"h3\",\"title_grid_breakpoint\":\"m\",\"title_grid_width\":\"1-2\",\"title_hover_style\":\"reset\"}},{\"type\":\"button\",\"props\":{\"fullwidth\":false,\"grid_column_gap\":\"small\",\"grid_row_gap\":\"small\",\"margin\":\"default\"},\"children\":[{\"type\":\"button_item\",\"props\":{\"button_style\":\"primary\",\"content\":\"Guides om hvordan man opretter en forening\",\"icon_align\":\"left\",\"link\":\"https:\\\/\\\/frivillighed.dk\\\/guides\\\/saadan-starter-i-nemt-en-ny-forening\",\"link_target\":\"blank\"}}]}]},{\"type\":\"column\",\"props\":{\"image_position\":\"center-center\",\"position_sticky_breakpoint\":\"m\",\"width_medium\":\"1-3\"},\"children\":[{\"type\":\"image\",\"props\":{\"image\":\"wp-content\\\/uploads\\\/photo-1517048676732-d65bc937f952-scaled.jpg\",\"image_svg_color\":\"emphasis\",\"margin\":\"default\"}}]}]}]}],\"version\":\"4.4.20\"} --><\/p>\n","protected":false},"excerpt":{"rendered":"<p>Har I en id\u00e9 til en ny forening eller et nyt initiativ? S\u00e5 kan der v\u00e6re mange ting, man skal have styr p\u00e5, og der kan v\u00e6re mange sp\u00f8rgsm\u00e5l. Frivilligv\u00e6rket st\u00e5r derfor klar med r\u00e5dgivning og sparring, s\u00e5 I kan komme godt i gang og g\u00e5 fra id\u00e9 til handling. Vil I starte et nyt [&hellip;]<\/p>\n","protected":false},"author":1,"featured_media":0,"parent":0,"menu_order":0,"comment_status":"closed","ping_status":"closed","template":"","meta":{"footnotes":""},"class_list":["post-17","page","type-page","status-publish","hentry"],"_links":{"self":[{"href":"https:\/\/frivilligvaerket.dk\/index.php\/wp-json\/wp\/v2\/pages\/17","targetHints":{"allow":["GET"]}}],"collection":[{"href":"https:\/\/frivilligvaerket.dk\/index.php\/wp-json\/wp\/v2\/pages"}],"about":[{"href":"https:\/\/frivilligvaerket.dk\/index.php\/wp-json\/wp\/v2\/types\/page"}],"author":[{"embeddable":true,"href":"https:\/\/frivilligvaerket.dk\/index.php\/wp-json\/wp\/v2\/users\/1"}],"replies":[{"embeddable":true,"href":"https:\/\/frivilligvaerket.dk\/index.php\/wp-json\/wp\/v2\/comments?post=17"}],"version-history":[{"count":19,"href":"https:\/\/frivilligvaerket.dk\/index.php\/wp-json\/wp\/v2\/pages\/17\/revisions"}],"predecessor-version":[{"id":619,"href":"https:\/\/frivilligvaerket.dk\/index.php\/wp-json\/wp\/v2\/pages\/17\/revisions\/619"}],"wp:attachment":[{"href":"https:\/\/frivilligvaerket.dk\/index.php\/wp-json\/wp\/v2\/media?parent=17"}],"curies":[{"name":"wp","href":"https:\/\/api.w.org\/{rel}","templated":true}]}}