{"id":19,"date":"2024-11-02T18:11:20","date_gmt":"2024-11-02T18:11:20","guid":{"rendered":"https:\/\/frivilligvaerket.dk\/?page_id=19"},"modified":"2025-03-21T21:32:52","modified_gmt":"2025-03-21T21:32:52","slug":"fundraising","status":"publish","type":"page","link":"https:\/\/frivilligvaerket.dk\/index.php\/fundraising\/","title":{"rendered":"Fundraising"},"content":{"rendered":"<div>\n<h3>Har I brug for gode r\u00e5d og tips til, hvordan I kan fundraise til aktiviteter og projekter? Mangler I inputs til, hvordan I kommer i gang med en ny indsats? S\u00e5 tilbyder Frivilligv\u00e6rket r\u00e5dgivning og sparring om fundraising.<\/h3>\n<\/div>\n<p><img decoding=\"async\" src=\"\/wp-content\/uploads\/photo-1552664688-cf412ec27db2-scaled.jpg\" alt=\"\"><\/p>\n<div>\n<div>\n<p>De fleste foreninger vil gerne have flere ressourcer \u2013 is\u00e6r af den \u00f8konomiske slags. For mange foreninger er fundraising ved private fonde og offentlige puljer en v\u00e6sentlig indt\u00e6gt. Nogle foreninger afholder fx loppemarkeder, bankospil og sponsorl\u00f8b, mens andre s\u00e6lger lodsedler eller julekalendere. Enkelte foreninger har sponsoraftaler med lokale virksomheder. Det er vigtigt at t\u00e6nke bredt, n\u00e5r I overvejer, hvordan I vil finansiere jeres organisation, projekter og aktiviteter \u2013 og at sprede jeres indt\u00e6gtskilder, s\u00e5 I ikke er alt for s\u00e5rbare.<\/p>\n<\/p>\n<p>Frivilligv\u00e6rket kan v\u00e6re jeres sparringspartner gennem hele processen med fundraising &#8211; uanset om det handler om fundraising til sm\u00e5 arrangementer eller st\u00f8rre projekter.<\/p>\n<p>Frivilligv\u00e6rkets r\u00e5dgivning og sparring om fundraising kan fx handle om:<\/p>\n<ul>\n<li>Hvordan udvikler I jeres id\u00e9er og nye projekter?<\/li>\n<li>Hvilke muligheder har jeres forening for at fundraise?<\/li>\n<li>Hvordan udarbejder I en langsigtet fundraisingsstrategi?<\/li>\n<li>Hvilke fonde og puljer er relevante for jeres forening, og hvorn\u00e5r har de ans\u00f8gningsfrist?<\/li>\n<li>Hvordan skriver I en god fonds- eller puljeans\u00f8gning?<\/li>\n<li>Hvordan udarbejder I et realistisk budget?<\/li>\n<\/ul>\n<p>H\u00f8r mere om fundraising ved at kontakte Mette S\u00f8rensen, leder af Frivilligv\u00e6rket, p\u00e5\u00a0<a href=\"mailto:mette@frivilligvaerket.dk\">mette@frivilligvaerket.dk<\/a>\u00a0eller 29 16 19 21<\/p>\n<\/div>\n<\/div>\n<div>\n<h3>Gode r\u00e5d om fundraising<\/h3>\n<div>\n<ol>\n<li>V\u00e6r opm\u00e6rksom p\u00e5 deadlines og s\u00f8g penge i god tid, inden I skal bruge dem. Behandlingstiden kan v\u00e6re lang hos b\u00e5de offentlige puljer og private fonde.<\/li>\n<li>Unders\u00f8g hvad fonden tidligere har givet penge til. Det kan hj\u00e6lpe jer med at m\u00e5lrette jeres ans\u00f8gning.<\/li>\n<li>Skriv en god, m\u00e5lrettet og gennemarbejdet ans\u00f8gning, hvor det er tydeligt, hvad form\u00e5let med projektet eller aktiviteten er, og hvilken forskel det g\u00f8r for m\u00e5lgruppen<\/li>\n<li>Lad jer ikke sl\u00e5 ud, hvis fonden vender tilbage med sp\u00f8rgsm\u00e5l eller afslag. Sp\u00f8rg i stedet ind til \u00e5rsagen, og brug det i jeres n\u00e6ste ans\u00f8gning.<\/li>\n<\/ol>\n<\/div>\n<\/div>\n<div>\n<h3>Guides om fundraising<\/h3>\n<div>\n<p>Center for Frivilligt Socialt Arbejde har udgivet flere\u00a0guides til pulje- og fondans\u00f8gninger<\/p>\n<\/div>\n<\/div>\n<p><p>\n        <a href=\"https:\/\/frivillighed.dk\/guides\/emne\/fundraising\">Guides til pulje- og fondans\u00f8gninger<\/a>\n    <\/p>\n<\/p>\n<hr>\n<div>\n<h3>\u00a7 18-midler i Randers Kommune<\/h3>\n<div>\n<p>Frivillige sociale foreninger kan s\u00f8ge om \u00a7 18-midler ved Randers Kommune. Ans\u00f8gningsfristen er hvert \u00e5r den 1. februar.<\/p>\n<\/div>\n<\/div>\n<p><p>\n        <a href=\"\/index.php\/paragraf-18-midler\/\">Se mere om \u00a7 18-midler<\/a>\n    <\/p>\n<\/p>\n<div>\n<h3>F\u00e5 adgang til Fonde.dk<\/h3>\n<div>\n<p>Fonde.dk er en digital oversigt over alle fonde og puljer i Danmark. P\u00e5 Fonde.dk kan du s\u00f8ge efter relevante fonde og puljer til din forening og jeres projekt samt se ans\u00f8gningsfrister.<\/p>\n<p>Alle foreninger i Randers Kommune kan f\u00e5 gratis adgang til Fonde.dk.<\/p>\n<\/div>\n<\/div>\n<ul>\n<li>\n<p>\n        <a href=\"https:\/\/www.randers.dk\/borger\/fritid\/til-dig-der-driver-en-forening-eller-aftenskole\/tilskud-og-fonde\/fonde-og-oevrige-stoettemuligheder\/\">Opret login til Fonde.dk<\/a>\n    <\/p>\n<\/li>\n<li>\n<p>\n        <a href=\"https:\/\/www.fonde.dk\/\">G\u00e5 til Fonde.dk<\/a>\n    <\/p>\n<\/li>\n<\/ul>\n<p><!--more--><br \/>\n<!-- {\"type\":\"layout\",\"children\":[{\"type\":\"section\",\"props\":{\"image_position\":\"center-center\",\"style\":\"default\",\"title_breakpoint\":\"xl\",\"title_position\":\"top-left\",\"title_rotation\":\"left\",\"vertical_align\":\"middle\",\"width\":\"default\"},\"children\":[{\"type\":\"row\",\"children\":[{\"type\":\"column\",\"props\":{\"image_position\":\"center-center\",\"position_sticky_breakpoint\":\"m\"},\"children\":[{\"type\":\"headline\",\"props\":{\"title_element\":\"h1\"},\"source\":{\"query\":{\"name\":\"pages.singlePage\"},\"props\":{\"content\":{\"filters\":{\"search\":\"\"},\"name\":\"title\"}}}},{\"type\":\"panel\",\"props\":{\"content\":\"\",\"content_column_breakpoint\":\"m\",\"icon_width\":80,\"image_align\":\"top\",\"image_grid_breakpoint\":\"m\",\"image_grid_width\":\"1-2\",\"image_svg_color\":\"emphasis\",\"link_style\":\"default\",\"link_text\":\"Read more\",\"margin\":\"default\",\"meta_align\":\"below-title\",\"meta_element\":\"div\",\"meta_style\":\"text-meta\",\"title\":\"Har I brug for gode r\\u00e5d og tips til, hvordan I kan fundraise til aktiviteter og projekter? Mangler I inputs til, hvordan I kommer i gang med en ny indsats? S\\u00e5 tilbyder Frivilligv\\u00e6rket r\\u00e5dgivning og sparring om fundraising.\",\"title_align\":\"top\",\"title_element\":\"h3\",\"title_grid_breakpoint\":\"m\",\"title_grid_width\":\"1-2\",\"title_hover_style\":\"reset\"}}]}]},{\"type\":\"row\",\"props\":{\"layout\":\"1-3,2-3\"},\"children\":[{\"type\":\"column\",\"props\":{\"image_position\":\"center-center\",\"position_sticky_breakpoint\":\"m\",\"width_medium\":\"1-3\"},\"children\":[{\"type\":\"image\",\"props\":{\"image\":\"wp-content\\\/uploads\\\/photo-1552664688-cf412ec27db2-scaled.jpg\",\"image_svg_color\":\"emphasis\",\"margin\":\"default\"}}]},{\"type\":\"column\",\"props\":{\"image_position\":\"center-center\",\"position_sticky_breakpoint\":\"m\",\"width_medium\":\"2-3\"},\"children\":[{\"type\":\"panel\",\"props\":{\"content\":\"\n\n<p>De fleste foreninger vil gerne have flere ressourcer \\u2013 is\\u00e6r af den \\u00f8konomiske slags. For mange foreninger er fundraising ved private fonde og offentlige puljer en v\\u00e6sentlig indt\\u00e6gt. Nogle foreninger afholder fx loppemarkeder, bankospil og sponsorl\\u00f8b, mens andre s\\u00e6lger lodsedler eller julekalendere. Enkelte foreninger har sponsoraftaler med lokale virksomheder. Det er vigtigt at t\\u00e6nke bredt, n\\u00e5r I overvejer, hvordan I vil finansiere jeres organisation, projekter og aktiviteter \\u2013 og at sprede jeres indt\\u00e6gtskilder, s\\u00e5 I ikke er alt for s\\u00e5rbare.<\\\/p>\\n\n\n<p><\\\/p>\\n\n\n<p>Frivilligv\\u00e6rket kan v\\u00e6re jeres sparringspartner gennem hele processen med fundraising - uanset om det handler om fundraising til sm\\u00e5 arrangementer eller st\\u00f8rre projekter.<\\\/p>\\n\n\n<p>Frivilligv\\u00e6rkets r\\u00e5dgivning og sparring om fundraising kan fx handle om:<\\\/p>\\n\n\n<ul>\\n\n\n<li>Hvordan udvikler I jeres id\\u00e9er og nye projekter?<\\\/li>\\n\n\n<li>Hvilke muligheder har jeres forening for at fundraise?<\\\/li>\\n\n\n<li>Hvordan udarbejder I en langsigtet fundraisingsstrategi?<\\\/li>\\n\n\n<li>Hvilke fonde og puljer er relevante for jeres forening, og hvorn\\u00e5r har de ans\\u00f8gningsfrist?<\\\/li>\\n\n\n<li>Hvordan skriver I en god fonds- eller puljeans\\u00f8gning?<\\\/li>\\n\n\n<li>Hvordan udarbejder I et realistisk budget?<\\\/li>\\n<\\\/ul>\\n\n\n<p>H\\u00f8r mere om fundraising ved at kontakte Mette S\\u00f8rensen, leder af Frivilligv\\u00e6rket, p\\u00e5\\u00a0<a href=\\\"mailto:mette@frivilligvaerket.dk\\\">mette@frivilligvaerket.dk<\\\/a>\\u00a0eller 29 16 19 21<\\\/p>\",\"content_column_breakpoint\":\"m\",\"icon_width\":80,\"image_align\":\"top\",\"image_grid_breakpoint\":\"m\",\"image_grid_width\":\"1-2\",\"image_svg_color\":\"emphasis\",\"link_style\":\"default\",\"link_text\":\"Read more\",\"margin\":\"default\",\"meta_align\":\"below-title\",\"meta_element\":\"div\",\"meta_style\":\"text-meta\",\"title\":\"\",\"title_align\":\"top\",\"title_element\":\"h3\",\"title_grid_breakpoint\":\"m\",\"title_grid_width\":\"1-2\",\"title_hover_style\":\"reset\"}}]}]},{\"type\":\"row\",\"children\":[{\"type\":\"column\",\"props\":{\"image_position\":\"center-center\",\"position_sticky_breakpoint\":\"m\"},\"children\":[{\"type\":\"panel\",\"props\":{\"content\":\"\n\n<ol>\\n\n\n<li>V\\u00e6r opm\\u00e6rksom p\\u00e5 deadlines og s\\u00f8g penge i god tid, inden I skal bruge dem. Behandlingstiden kan v\\u00e6re lang hos b\\u00e5de offentlige puljer og private fonde.<\\\/li>\\n\n\n<li>Unders\\u00f8g hvad fonden tidligere har givet penge til. Det kan hj\\u00e6lpe jer med at m\\u00e5lrette jeres ans\\u00f8gning.<\\\/li>\\n\n\n<li>Skriv en god, m\\u00e5lrettet og gennemarbejdet ans\\u00f8gning, hvor det er tydeligt, hvad form\\u00e5let med projektet eller aktiviteten er, og hvilken forskel det g\\u00f8r for m\\u00e5lgruppen<\\\/li>\\n\n\n<li>Lad jer ikke sl\\u00e5 ud, hvis fonden vender tilbage med sp\\u00f8rgsm\\u00e5l eller afslag. Sp\\u00f8rg i stedet ind til \\u00e5rsagen, og brug det i jeres n\\u00e6ste ans\\u00f8gning.<\\\/li>\\n<\\\/ol>\",\"content_column_breakpoint\":\"m\",\"icon_width\":80,\"image_align\":\"top\",\"image_grid_breakpoint\":\"m\",\"image_grid_width\":\"1-2\",\"image_svg_color\":\"emphasis\",\"link_style\":\"default\",\"link_text\":\"Read more\",\"margin\":\"default\",\"meta_align\":\"below-title\",\"meta_element\":\"div\",\"meta_style\":\"text-meta\",\"title\":\"Gode r\\u00e5d om fundraising\",\"title_align\":\"top\",\"title_element\":\"h3\",\"title_grid_breakpoint\":\"m\",\"title_grid_width\":\"1-2\",\"title_hover_style\":\"reset\"}}]}]},{\"type\":\"row\",\"props\":{\"column_gap\":\"large\",\"layout\":\"1-2,1-2\",\"row_gap\":\"large\"},\"children\":[{\"type\":\"column\",\"props\":{\"image_position\":\"center-center\",\"position_sticky_breakpoint\":\"m\",\"width_medium\":\"1-2\"},\"children\":[{\"type\":\"panel\",\"props\":{\"content\":\"\n\n<p>Center for Frivilligt Socialt Arbejde har udgivet flere\\u00a0guides til pulje- og fondans\\u00f8gninger<\\\/p>\",\"content_column_breakpoint\":\"m\",\"icon_width\":80,\"image_align\":\"top\",\"image_grid_breakpoint\":\"m\",\"image_grid_width\":\"1-2\",\"image_svg_color\":\"emphasis\",\"link_style\":\"default\",\"link_text\":\"Read more\",\"margin\":\"default\",\"meta_align\":\"below-title\",\"meta_element\":\"div\",\"meta_style\":\"text-meta\",\"title\":\"Guides om fundraising\",\"title_align\":\"top\",\"title_element\":\"h3\",\"title_grid_breakpoint\":\"m\",\"title_grid_width\":\"1-2\",\"title_hover_style\":\"reset\"}},{\"type\":\"button\",\"props\":{\"fullwidth\":true,\"grid_column_gap\":\"small\",\"grid_row_gap\":\"small\",\"margin\":\"default\"},\"children\":[{\"type\":\"button_item\",\"props\":{\"button_style\":\"primary\",\"content\":\"Guides til pulje- og fondans\\u00f8gninger\",\"dialog_layout\":\"modal\",\"dialog_offcanvas_flip\":true,\"icon_align\":\"left\",\"link\":\"https:\\\/\\\/frivillighed.dk\\\/guides\\\/emne\\\/fundraising\",\"link_target\":\"blank\"}}]},{\"type\":\"divider\",\"props\":{\"divider_element\":\"hr\"}},{\"type\":\"panel\",\"props\":{\"content\":\"\n\n<p>Frivillige sociale foreninger kan s\\u00f8ge om \\u00a7 18-midler ved Randers Kommune. Ans\\u00f8gningsfristen er hvert \\u00e5r den 1. februar.<\\\/p>\",\"content_column_breakpoint\":\"m\",\"icon_width\":80,\"image_align\":\"top\",\"image_grid_breakpoint\":\"m\",\"image_grid_width\":\"1-2\",\"image_svg_color\":\"emphasis\",\"link_style\":\"default\",\"link_text\":\"Read more\",\"margin\":\"default\",\"meta_align\":\"below-title\",\"meta_element\":\"div\",\"meta_style\":\"text-meta\",\"title\":\"\\u00a7 18-midler i Randers Kommune\",\"title_align\":\"top\",\"title_element\":\"h3\",\"title_grid_breakpoint\":\"m\",\"title_grid_width\":\"1-2\",\"title_hover_style\":\"reset\"}},{\"type\":\"button\",\"props\":{\"fullwidth\":true,\"grid_column_gap\":\"small\",\"grid_row_gap\":\"small\",\"margin\":\"default\"},\"children\":[{\"type\":\"button_item\",\"props\":{\"button_style\":\"primary\",\"content\":\"Se mere om \\u00a7 18-midler\",\"dialog_layout\":\"modal\",\"dialog_offcanvas_flip\":true,\"icon_align\":\"left\",\"link\":\"index.php\\\/paragraf-18-midler\\\/\"}}]}]},{\"type\":\"column\",\"props\":{\"image_position\":\"center-center\",\"position_sticky_breakpoint\":\"m\",\"width_medium\":\"1-2\"},\"children\":[{\"type\":\"panel\",\"props\":{\"content\":\"\n\n<p>Fonde.dk er en digital oversigt over alle fonde og puljer i Danmark. P\\u00e5 Fonde.dk kan du s\\u00f8ge efter relevante fonde og puljer til din forening og jeres projekt samt se ans\\u00f8gningsfrister.<\\\/p>\\n\n\n<p>Alle foreninger i Randers Kommune kan f\\u00e5 gratis adgang til Fonde.dk.<\\\/p>\",\"content_column_breakpoint\":\"m\",\"icon_width\":80,\"image_align\":\"top\",\"image_grid_breakpoint\":\"m\",\"image_grid_width\":\"1-2\",\"image_svg_color\":\"emphasis\",\"link_style\":\"default\",\"link_text\":\"Read more\",\"margin\":\"default\",\"meta_align\":\"below-title\",\"meta_element\":\"div\",\"meta_style\":\"text-meta\",\"title\":\"F\\u00e5 adgang til Fonde.dk\",\"title_align\":\"top\",\"title_element\":\"h3\",\"title_grid_breakpoint\":\"m\",\"title_grid_width\":\"1-2\",\"title_hover_style\":\"reset\"}},{\"type\":\"button\",\"props\":{\"fullwidth\":true,\"grid_column_gap\":\"small\",\"grid_row_gap\":\"small\",\"margin\":\"default\"},\"children\":[{\"type\":\"button_item\",\"props\":{\"button_style\":\"primary\",\"content\":\"Opret login til Fonde.dk\",\"dialog_layout\":\"modal\",\"dialog_offcanvas_flip\":true,\"icon_align\":\"left\",\"link\":\"https:\\\/\\\/www.randers.dk\\\/borger\\\/fritid\\\/til-dig-der-driver-en-forening-eller-aftenskole\\\/tilskud-og-fonde\\\/fonde-og-oevrige-stoettemuligheder\\\/\",\"link_target\":\"blank\"}},{\"type\":\"button_item\",\"props\":{\"button_style\":\"primary\",\"content\":\"G\\u00e5 til Fonde.dk\",\"dialog_layout\":\"modal\",\"dialog_offcanvas_flip\":true,\"icon_align\":\"left\",\"link\":\"https:\\\/\\\/www.fonde.dk\\\/\",\"link_target\":\"blank\"}}]}]}]}]}],\"version\":\"4.5.10\"} --><\/p>\n","protected":false},"excerpt":{"rendered":"<p>Har I brug for gode r\u00e5d og tips til, hvordan I kan fundraise til aktiviteter og projekter? Mangler I inputs til, hvordan I kommer i gang med en ny indsats? S\u00e5 tilbyder Frivilligv\u00e6rket r\u00e5dgivning og sparring om fundraising. De fleste foreninger vil gerne have flere ressourcer \u2013 is\u00e6r af den \u00f8konomiske slags. For mange foreninger [&hellip;]<\/p>\n","protected":false},"author":1,"featured_media":0,"parent":0,"menu_order":0,"comment_status":"closed","ping_status":"closed","template":"","meta":{"footnotes":""},"class_list":["post-19","page","type-page","status-publish","hentry"],"_links":{"self":[{"href":"https:\/\/frivilligvaerket.dk\/index.php\/wp-json\/wp\/v2\/pages\/19","targetHints":{"allow":["GET"]}}],"collection":[{"href":"https:\/\/frivilligvaerket.dk\/index.php\/wp-json\/wp\/v2\/pages"}],"about":[{"href":"https:\/\/frivilligvaerket.dk\/index.php\/wp-json\/wp\/v2\/types\/page"}],"author":[{"embeddable":true,"href":"https:\/\/frivilligvaerket.dk\/index.php\/wp-json\/wp\/v2\/users\/1"}],"replies":[{"embeddable":true,"href":"https:\/\/frivilligvaerket.dk\/index.php\/wp-json\/wp\/v2\/comments?post=19"}],"version-history":[{"count":29,"href":"https:\/\/frivilligvaerket.dk\/index.php\/wp-json\/wp\/v2\/pages\/19\/revisions"}],"predecessor-version":[{"id":672,"href":"https:\/\/frivilligvaerket.dk\/index.php\/wp-json\/wp\/v2\/pages\/19\/revisions\/672"}],"wp:attachment":[{"href":"https:\/\/frivilligvaerket.dk\/index.php\/wp-json\/wp\/v2\/media?parent=19"}],"curies":[{"name":"wp","href":"https:\/\/api.w.org\/{rel}","templated":true}]}}