{"id":21,"date":"2024-11-02T18:11:34","date_gmt":"2024-11-02T18:11:34","guid":{"rendered":"https:\/\/frivilligvaerket.dk\/?page_id=21"},"modified":"2026-01-12T22:07:25","modified_gmt":"2026-01-12T22:07:25","slug":"paragraf-18-midler","status":"publish","type":"page","link":"https:\/\/frivilligvaerket.dk\/index.php\/paragraf-18-midler\/","title":{"rendered":"Paragraf 18-midler"},"content":{"rendered":"<div>\n<h3>Frivillige foreninger og organisationer kan hvert \u00e5r s\u00f8ge Randers Kommune om \u00a7 18-midler til frivilligt socialt arbejde. Der kan s\u00f8ges om midler til aktiviteter for socialt s\u00e5rbare og udsatte mennesker.<\/h3>\n<div>\n<p><strong>Ans\u00f8gningsfristen er hvert \u00e5r den 1. februar.<\/strong><\/p>\n<\/p>\n<p>P\u00e5 Randers Kommunes Hjemmeside kan du l\u00e6se mere om kriterierne for \u00a7 18-puljen og hvordan ans\u00f8gningerne bliver vurderet. Det er ogs\u00e5 p\u00e5 Randers Kommunes hjemmeside, du kan udfylde det digitale ans\u00f8gningsskema.<\/p>\n<\/p>\n<\/div>\n<\/div>\n<div>\n<h3>Har I brug for hj\u00e6lp til at s\u00f8ge \u00a7 18-midler?<\/h3>\n<div>\n<p>Hvis din forening har brug for hj\u00e6lp til at s\u00f8ge om \u00a7 18-midler, s\u00e5 kan Frivilligv\u00e6rket hj\u00e6lpe jer med at f\u00e5 udarbejdet og indsendt jeres \u00a7 18-ans\u00f8gning.\u00a0I er altid meget velkomne til at kontakte Mette S\u00f8rensen, leder af Frivilligv\u00e6rket, p\u00e5\u00a0<a href=\"mailto:mette@frivilligvaerket.dk\">mette@frivilligvaerket.dk<\/a>\u00a0eller\u00a029 16 19 21.\u00a0<\/p>\n<\/div>\n<\/div>\n<p><p>\n        <a href=\"https:\/\/www.randers.dk\/paragraf18\">S\u00f8g \u00a7 18-puljen p\u00e5 Randers Kommunes hjemmeside<\/a>\n    <\/p>\n<\/p>\n<p><!--more--><br \/>\n<!-- {\"type\":\"layout\",\"children\":[{\"type\":\"section\",\"props\":{\"image_position\":\"center-center\",\"style\":\"default\",\"title_breakpoint\":\"xl\",\"title_position\":\"top-left\",\"title_rotation\":\"left\",\"vertical_align\":\"middle\",\"width\":\"default\"},\"children\":[{\"type\":\"row\",\"children\":[{\"type\":\"column\",\"props\":{\"image_position\":\"center-center\",\"position_sticky_breakpoint\":\"m\"},\"children\":[{\"type\":\"headline\",\"props\":{\"title_element\":\"h1\"},\"source\":{\"query\":{\"name\":\"pages.singlePage\"},\"props\":{\"content\":{\"filters\":{\"search\":\"\"},\"name\":\"title\"}}}}]}]},{\"type\":\"row\",\"props\":{\"layout\":\"2-3,1-3\"},\"children\":[{\"type\":\"column\",\"props\":{\"image_position\":\"center-center\",\"position_sticky_breakpoint\":\"m\",\"width_medium\":\"2-3\"},\"children\":[{\"type\":\"panel\",\"props\":{\"content\":\"\n\n<p><strong>Ans\\u00f8gningsfristen er hvert \\u00e5r den 1. februar.<\\\/strong><\\\/p>\\n\n\n<p><\\\/p>\\n\n\n<p>P\\u00e5 Randers Kommunes Hjemmeside kan du l\\u00e6se mere om kriterierne for \\u00a7 18-puljen og hvordan ans\\u00f8gningerne bliver vurderet. Det er ogs\\u00e5 p\\u00e5 Randers Kommunes hjemmeside, du kan udfylde det digitale ans\\u00f8gningsskema.<\\\/p>\\n\n\n<p><\\\/p>\",\"content_column_breakpoint\":\"m\",\"icon_width\":80,\"image_align\":\"top\",\"image_grid_breakpoint\":\"m\",\"image_grid_width\":\"1-2\",\"image_svg_color\":\"emphasis\",\"link_style\":\"default\",\"link_text\":\"Read more\",\"margin\":\"default\",\"meta_align\":\"below-title\",\"meta_element\":\"div\",\"meta_style\":\"text-meta\",\"title\":\"Frivillige foreninger og organisationer kan hvert \\u00e5r s\\u00f8ge Randers Kommune om \\u00a7 18-midler til frivilligt socialt arbejde. Der kan s\\u00f8ges om midler til aktiviteter for socialt s\\u00e5rbare og udsatte mennesker.\",\"title_align\":\"top\",\"title_element\":\"h3\",\"title_grid_breakpoint\":\"m\",\"title_grid_width\":\"1-2\",\"title_hover_style\":\"reset\"}},{\"type\":\"panel\",\"props\":{\"content\":\"\n\n<p>Hvis din forening har brug for hj\\u00e6lp til at s\\u00f8ge om \\u00a7 18-midler, s\\u00e5 kan Frivilligv\\u00e6rket hj\\u00e6lpe jer med at f\\u00e5 udarbejdet og indsendt jeres \\u00a7 18-ans\\u00f8gning.\\u00a0I er altid meget velkomne til at kontakte Mette S\\u00f8rensen, leder af Frivilligv\\u00e6rket, p\\u00e5\\u00a0<a href=\\\"mailto:mette@frivilligvaerket.dk\\\">mette@frivilligvaerket.dk<\\\/a>\\u00a0eller\\u00a029 16 19 21.\\u00a0<\\\/p>\",\"content_column_breakpoint\":\"m\",\"icon_width\":80,\"image_align\":\"top\",\"image_grid_breakpoint\":\"m\",\"image_grid_width\":\"1-2\",\"image_svg_color\":\"emphasis\",\"link_style\":\"default\",\"link_text\":\"Read more\",\"margin\":\"default\",\"meta_align\":\"below-title\",\"meta_element\":\"div\",\"meta_style\":\"text-meta\",\"title\":\"Har I brug for hj\\u00e6lp til at s\\u00f8ge \\u00a7 18-midler?\",\"title_align\":\"top\",\"title_element\":\"h3\",\"title_grid_breakpoint\":\"m\",\"title_grid_width\":\"1-2\",\"title_hover_style\":\"reset\"}}]},{\"type\":\"column\",\"props\":{\"image_position\":\"center-center\",\"position_sticky_breakpoint\":\"m\",\"width_medium\":\"1-3\"},\"children\":[{\"type\":\"button\",\"props\":{\"fullwidth\":true,\"grid_column_gap\":\"small\",\"grid_row_gap\":\"small\",\"margin\":\"default\"},\"children\":[{\"type\":\"button_item\",\"props\":{\"button_style\":\"primary\",\"content\":\"S\\u00f8g \\u00a7 18-puljen p\\u00e5 Randers Kommunes hjemmeside\",\"dialog_layout\":\"modal\",\"dialog_offcanvas_flip\":true,\"icon_align\":\"left\",\"link\":\"https:\\\/\\\/www.randers.dk\\\/paragraf18\",\"link_target\":\"blank\"}}]}]}]}]}],\"version\":\"4.5.33\"} --><\/p>\n","protected":false},"excerpt":{"rendered":"<p>Frivillige foreninger og organisationer kan hvert \u00e5r s\u00f8ge Randers Kommune om \u00a7 18-midler til frivilligt socialt arbejde. Der kan s\u00f8ges om midler til aktiviteter for socialt s\u00e5rbare og udsatte mennesker. Ans\u00f8gningsfristen er hvert \u00e5r den 1. februar. P\u00e5 Randers Kommunes Hjemmeside kan du l\u00e6se mere om kriterierne for \u00a7 18-puljen og hvordan ans\u00f8gningerne bliver vurderet. [&hellip;]<\/p>\n","protected":false},"author":1,"featured_media":0,"parent":0,"menu_order":0,"comment_status":"closed","ping_status":"closed","template":"","meta":{"footnotes":""},"class_list":["post-21","page","type-page","status-publish","hentry"],"_links":{"self":[{"href":"https:\/\/frivilligvaerket.dk\/index.php\/wp-json\/wp\/v2\/pages\/21","targetHints":{"allow":["GET"]}}],"collection":[{"href":"https:\/\/frivilligvaerket.dk\/index.php\/wp-json\/wp\/v2\/pages"}],"about":[{"href":"https:\/\/frivilligvaerket.dk\/index.php\/wp-json\/wp\/v2\/types\/page"}],"author":[{"embeddable":true,"href":"https:\/\/frivilligvaerket.dk\/index.php\/wp-json\/wp\/v2\/users\/1"}],"replies":[{"embeddable":true,"href":"https:\/\/frivilligvaerket.dk\/index.php\/wp-json\/wp\/v2\/comments?post=21"}],"version-history":[{"count":13,"href":"https:\/\/frivilligvaerket.dk\/index.php\/wp-json\/wp\/v2\/pages\/21\/revisions"}],"predecessor-version":[{"id":865,"href":"https:\/\/frivilligvaerket.dk\/index.php\/wp-json\/wp\/v2\/pages\/21\/revisions\/865"}],"wp:attachment":[{"href":"https:\/\/frivilligvaerket.dk\/index.php\/wp-json\/wp\/v2\/media?parent=21"}],"curies":[{"name":"wp","href":"https:\/\/api.w.org\/{rel}","templated":true}]}}