{"id":29,"date":"2024-11-02T18:12:13","date_gmt":"2024-11-02T18:12:13","guid":{"rendered":"https:\/\/frivilligvaerket.dk\/?page_id=29"},"modified":"2025-01-14T22:21:53","modified_gmt":"2025-01-14T22:21:53","slug":"hvad-er-socialkompas","status":"publish","type":"page","link":"https:\/\/frivilligvaerket.dk\/index.php\/hvad-er-socialkompas\/","title":{"rendered":"Hvad er Socialkompas?"},"content":{"rendered":"<div>\n<h3>Socialkompas Randers er en hjemmeside, hvor du kan f\u00e5 overblik over, hvilke f\u00e6llesskaber, aktiviteter og sociale tilbud der findes i Randers Kommune. <\/h3>\n<div>\n<p>Der er et v\u00e6ld af frivillige og kommunale tilbud i Randers og omegn, men det kan v\u00e6re sv\u00e6rt at f\u00e5 overblik over, hvilke tilbud der findes. Socialkompas hj\u00e6lper derfor med at skabe overblik over, hvilke f\u00e6llesskaber og sociale aktiviteter, r\u00e5dgivning og vejledning, motion, fritidsaktiviteter, st\u00f8tte til familier og patienter mm. der findes i Randers og omegn. S\u00e5 kan du finde de helt rigtige tilbud til dig og din familie.<\/p>\n<\/div>\n<\/div>\n<p><img decoding=\"async\" src=\"\/wp-content\/uploads\/2025\/01\/Socialkompas-Banner-Postkort-1-horisontal-1.jpg\" alt=\"\"><\/p>\n<div>\n<h3>Form\u00e5let med Socialkompas er:<\/h3>\n<div>\n<ul>\n<li>Borgere og p\u00e5r\u00f8rende kan let finde den hj\u00e6lp, de har behov for, og finde de f\u00e6llesskaber og aktiviteter, der er relevante for dem.<\/li>\n<li>Foreninger kan synligg\u00f8re deres tilbud og aktiviteter<\/li>\n<li>Kommunale medarbejdere kan hj\u00e6lpe s\u00e5rbare borgere med at finde relevante frivillige tilbud.<\/li>\n<\/ul>\n<p>Der er allerede over 300 tilbud p\u00e5 Socialkompas Randers \u2013 b\u00e5de fysiske og online-tilbud, og der kommer hele tiden flere tilbud p\u00e5. Socialkompas Randers er et samarbejde mellem Frivilligv\u00e6rket og Randers Kommune.<\/p>\n<\/div>\n<\/div>\n<ul>\n<li>\n        <a href=\"https:\/\/randers.socialkompas.dk\/\">Bes\u00f8g Socialkompas Randers<\/a>\n    <\/li>\n<li>\n        <a href=\"\/index.php\/faa-din-forening-paa-socialkompas\/\">Skal din forening p\u00e5 Socialkompas?<\/a>\n    <\/li>\n<\/ul>\n<p><!--more--><br \/>\n<!-- {\"type\":\"layout\",\"children\":[{\"type\":\"section\",\"props\":{\"image_position\":\"center-center\",\"style\":\"default\",\"title_breakpoint\":\"xl\",\"title_position\":\"top-left\",\"title_rotation\":\"left\",\"vertical_align\":\"middle\",\"width\":\"default\"},\"children\":[{\"type\":\"row\",\"children\":[{\"type\":\"column\",\"props\":{\"image_position\":\"center-center\",\"position_sticky_breakpoint\":\"m\"},\"children\":[{\"type\":\"headline\",\"props\":{\"title_element\":\"h1\"},\"source\":{\"query\":{\"name\":\"pages.singlePage\"},\"props\":{\"content\":{\"filters\":{\"search\":\"\"},\"name\":\"title\"}}}},{\"type\":\"panel\",\"props\":{\"content\":\"\n\n<p>Der er et v\\u00e6ld af frivillige og kommunale tilbud i Randers og omegn, men det kan v\\u00e6re sv\\u00e6rt at f\\u00e5 overblik over, hvilke tilbud der findes. Socialkompas hj\\u00e6lper derfor med at skabe overblik over, hvilke f\\u00e6llesskaber og sociale aktiviteter, r\\u00e5dgivning og vejledning, motion, fritidsaktiviteter, st\\u00f8tte til familier og patienter mm. der findes i Randers og omegn. S\\u00e5 kan du finde de helt rigtige tilbud til dig og din familie.<\\\/p>\",\"content_column_breakpoint\":\"m\",\"icon_width\":80,\"image_align\":\"top\",\"image_grid_breakpoint\":\"m\",\"image_grid_width\":\"1-2\",\"image_svg_color\":\"emphasis\",\"link_style\":\"default\",\"link_text\":\"Read more\",\"margin\":\"default\",\"meta_align\":\"below-title\",\"meta_element\":\"div\",\"meta_style\":\"text-meta\",\"title\":\"Socialkompas Randers er en hjemmeside, hvor du kan f\\u00e5 overblik over, hvilke f\\u00e6llesskaber, aktiviteter og sociale tilbud der findes i Randers Kommune. \",\"title_align\":\"top\",\"title_element\":\"h3\",\"title_grid_breakpoint\":\"m\",\"title_grid_width\":\"1-2\",\"title_hover_style\":\"reset\"}}]}]},{\"type\":\"row\",\"props\":{\"layout\":\"1-2,1-2\"},\"children\":[{\"type\":\"column\",\"props\":{\"image_position\":\"center-center\",\"position_sticky_breakpoint\":\"m\",\"width_medium\":\"1-2\"},\"children\":[{\"type\":\"image\",\"props\":{\"image\":\"wp-content\\\/uploads\\\/2025\\\/01\\\/Socialkompas-Banner-Postkort-1-horisontal-1.jpg\",\"image_svg_color\":\"emphasis\",\"margin\":\"default\"}}]},{\"type\":\"column\",\"props\":{\"image_position\":\"center-center\",\"position_sticky_breakpoint\":\"m\",\"width_medium\":\"1-2\"},\"children\":[{\"type\":\"panel\",\"props\":{\"content\":\"\n\n<ul>\\n\n\n<li>Borgere og p\\u00e5r\\u00f8rende kan let finde den hj\\u00e6lp, de har behov for, og finde de f\\u00e6llesskaber og aktiviteter, der er relevante for dem.<\\\/li>\\n\n\n<li>Foreninger kan synligg\\u00f8re deres tilbud og aktiviteter<\\\/li>\\n\n\n<li>Kommunale medarbejdere kan hj\\u00e6lpe s\\u00e5rbare borgere med at finde relevante frivillige tilbud.<\\\/li>\\n<\\\/ul>\\n\n\n<p>Der er allerede over 300 tilbud p\\u00e5 Socialkompas Randers \\u2013 b\\u00e5de fysiske og online-tilbud, og der kommer hele tiden flere tilbud p\\u00e5. Socialkompas Randers er et samarbejde mellem Frivilligv\\u00e6rket og Randers Kommune.<\\\/p>\",\"content_column_breakpoint\":\"m\",\"icon_width\":80,\"image_align\":\"top\",\"image_grid_breakpoint\":\"m\",\"image_grid_width\":\"1-2\",\"image_svg_color\":\"emphasis\",\"link_style\":\"default\",\"link_text\":\"Read more\",\"margin\":\"default\",\"meta_align\":\"below-title\",\"meta_element\":\"div\",\"meta_style\":\"text-meta\",\"title\":\"Form\\u00e5let med Socialkompas er:\",\"title_align\":\"top\",\"title_element\":\"h3\",\"title_grid_breakpoint\":\"m\",\"title_grid_width\":\"1-2\",\"title_hover_style\":\"reset\"}},{\"type\":\"button\",\"props\":{\"fullwidth\":false,\"grid_column_gap\":\"small\",\"grid_row_gap\":\"small\",\"margin\":\"default\"},\"children\":[{\"type\":\"button_item\",\"props\":{\"button_style\":\"primary\",\"content\":\"Bes\\u00f8g Socialkompas Randers\",\"icon_align\":\"left\",\"link\":\"https:\\\/\\\/randers.socialkompas.dk\\\/\",\"link_target\":\"blank\"}},{\"type\":\"button_item\",\"props\":{\"button_style\":\"primary\",\"content\":\"Skal din forening p\\u00e5 Socialkompas?\",\"icon_align\":\"left\",\"link\":\"index.php\\\/faa-din-forening-paa-socialkompas\\\/\"}}]}]}]}]}],\"version\":\"4.4.20\"} --><\/p>\n","protected":false},"excerpt":{"rendered":"<p>Socialkompas Randers er en hjemmeside, hvor du kan f\u00e5 overblik over, hvilke f\u00e6llesskaber, aktiviteter og sociale tilbud der findes i Randers Kommune. Der er et v\u00e6ld af frivillige og kommunale tilbud i Randers og omegn, men det kan v\u00e6re sv\u00e6rt at f\u00e5 overblik over, hvilke tilbud der findes. Socialkompas hj\u00e6lper derfor med at skabe overblik [&hellip;]<\/p>\n","protected":false},"author":1,"featured_media":0,"parent":0,"menu_order":0,"comment_status":"closed","ping_status":"closed","template":"","meta":{"footnotes":""},"class_list":["post-29","page","type-page","status-publish","hentry"],"_links":{"self":[{"href":"https:\/\/frivilligvaerket.dk\/index.php\/wp-json\/wp\/v2\/pages\/29","targetHints":{"allow":["GET"]}}],"collection":[{"href":"https:\/\/frivilligvaerket.dk\/index.php\/wp-json\/wp\/v2\/pages"}],"about":[{"href":"https:\/\/frivilligvaerket.dk\/index.php\/wp-json\/wp\/v2\/types\/page"}],"author":[{"embeddable":true,"href":"https:\/\/frivilligvaerket.dk\/index.php\/wp-json\/wp\/v2\/users\/1"}],"replies":[{"embeddable":true,"href":"https:\/\/frivilligvaerket.dk\/index.php\/wp-json\/wp\/v2\/comments?post=29"}],"version-history":[{"count":11,"href":"https:\/\/frivilligvaerket.dk\/index.php\/wp-json\/wp\/v2\/pages\/29\/revisions"}],"predecessor-version":[{"id":446,"href":"https:\/\/frivilligvaerket.dk\/index.php\/wp-json\/wp\/v2\/pages\/29\/revisions\/446"}],"wp:attachment":[{"href":"https:\/\/frivilligvaerket.dk\/index.php\/wp-json\/wp\/v2\/media?parent=29"}],"curies":[{"name":"wp","href":"https:\/\/api.w.org\/{rel}","templated":true}]}}