{"id":31,"date":"2024-11-02T18:12:22","date_gmt":"2024-11-02T18:12:22","guid":{"rendered":"https:\/\/frivilligvaerket.dk\/?page_id=31"},"modified":"2025-01-14T22:33:27","modified_gmt":"2025-01-14T22:33:27","slug":"faa-din-forening-paa-socialkompas","status":"publish","type":"page","link":"https:\/\/frivilligvaerket.dk\/index.php\/faa-din-forening-paa-socialkompas\/","title":{"rendered":"F\u00e5 din forening p\u00e5 Socialkompas"},"content":{"rendered":"<div>\n<h3>Socialkompas Randers er den portal, vi har ventet p\u00e5. Mange foreninger har rigtig gode tilbud, men det kan v\u00e6re sv\u00e6rt for de borgere, der har brug for tilbuddene at finde vej derhen. Med Socialkompasset kan vi bygge bro mellem dem, der har behov for st\u00f8tte og opbakning og de foreninger, som har relevante tilbud. Ambitionen er, at alle foreninger og f\u00e6llesskaber, der har sociale aktiviteter eller som tilbyder st\u00f8tte, hj\u00e6lp eller r\u00e5dgivning skal med p\u00e5 Socialkompas Randers.<\/h3>\n<\/div>\n<p><img decoding=\"async\" src=\"\/wp-content\/uploads\/2025\/01\/IMG_2714_r-scaled.jpg\" alt=\"\"><\/p>\n<div>\n<h3>Vil I oprette jer selv p\u00e5 Socialkompas<\/h3>\n<div>\n<p>I er selvf\u00f8lgelig ogs\u00e5 meget velkomne til selv at oprette jer p\u00e5 Socialkompas, og portalen er meget brugervenlig.<\/p>\n<\/div>\n<\/div>\n<p>\n    <a href=\"https:\/\/socialkompas.dk\/tilmeld\">Opret din forening p\u00e5 Socialkompas<\/a>\n<\/p>\n<hr>\n<div>\n<h3>Har I brug for hj\u00e6lp til at komme p\u00e5 Socialkompas?<\/h3>\n<div>\n<p>Har I brug for hj\u00e6lp til at oprette jeres tilbud og aktiviteter p\u00e5 Socialkompas Randers, s\u00e5 kontakt lederen af Frivilligv\u00e6rket, Mette S\u00f8rensen, p\u00e5\u00a0<a href=\"mailto:mette@frilligvaerket.dk\">mette@frilligvaerket.dk<\/a>\u00a0eller mobil 29 16 19 21.<\/p>\n<\/div>\n<\/div>\n<p><!--more--><br \/>\n<!-- {\"type\":\"layout\",\"children\":[{\"type\":\"section\",\"props\":{\"image_position\":\"center-center\",\"style\":\"default\",\"title_breakpoint\":\"xl\",\"title_position\":\"top-left\",\"title_rotation\":\"left\",\"vertical_align\":\"middle\",\"width\":\"default\"},\"children\":[{\"type\":\"row\",\"children\":[{\"type\":\"column\",\"props\":{\"image_position\":\"center-center\",\"position_sticky_breakpoint\":\"m\"},\"children\":[{\"type\":\"headline\",\"props\":{\"title_element\":\"h1\"},\"source\":{\"query\":{\"name\":\"pages.singlePage\"},\"props\":{\"content\":{\"filters\":{\"search\":\"\"},\"name\":\"title\"}}}},{\"type\":\"panel\",\"props\":{\"content\":\"\",\"content_column_breakpoint\":\"m\",\"icon_width\":80,\"image_align\":\"top\",\"image_grid_breakpoint\":\"m\",\"image_grid_width\":\"1-2\",\"image_svg_color\":\"emphasis\",\"link_style\":\"default\",\"link_text\":\"Read more\",\"margin\":\"default\",\"meta_align\":\"below-title\",\"meta_element\":\"div\",\"meta_style\":\"text-meta\",\"title\":\"Socialkompas Randers er den portal, vi har ventet p\\u00e5. Mange foreninger har rigtig gode tilbud, men det kan v\\u00e6re sv\\u00e6rt for de borgere, der har brug for tilbuddene at finde vej derhen. Med Socialkompasset kan vi bygge bro mellem dem, der har behov for st\\u00f8tte og opbakning og de foreninger, som har relevante tilbud. Ambitionen er, at alle foreninger og f\\u00e6llesskaber, der har sociale aktiviteter eller som tilbyder st\\u00f8tte, hj\\u00e6lp eller r\\u00e5dgivning skal med p\\u00e5 Socialkompas Randers.\",\"title_align\":\"top\",\"title_element\":\"h3\",\"title_grid_breakpoint\":\"m\",\"title_grid_width\":\"1-2\",\"title_hover_style\":\"reset\"}}]}]},{\"type\":\"row\",\"props\":{\"layout\":\"1-2,1-2\"},\"children\":[{\"type\":\"column\",\"props\":{\"image_position\":\"center-center\",\"position_sticky_breakpoint\":\"m\",\"width_medium\":\"1-2\"},\"children\":[{\"type\":\"image\",\"props\":{\"image\":\"wp-content\\\/uploads\\\/2025\\\/01\\\/IMG_2714_r-scaled.jpg\",\"image_svg_color\":\"emphasis\",\"margin\":\"default\"}}]},{\"type\":\"column\",\"props\":{\"image_position\":\"center-center\",\"position_sticky_breakpoint\":\"m\",\"width_medium\":\"1-2\"},\"children\":[{\"type\":\"panel\",\"props\":{\"content\":\"\n\n<p>I er selvf\\u00f8lgelig ogs\\u00e5 meget velkomne til selv at oprette jer p\\u00e5 Socialkompas, og portalen er meget brugervenlig.<\\\/p>\",\"content_column_breakpoint\":\"m\",\"icon_width\":80,\"image_align\":\"top\",\"image_grid_breakpoint\":\"m\",\"image_grid_width\":\"1-2\",\"image_svg_color\":\"emphasis\",\"link_style\":\"default\",\"link_text\":\"Read more\",\"margin\":\"default\",\"meta_align\":\"below-title\",\"meta_element\":\"div\",\"meta_style\":\"text-meta\",\"title\":\"Vil I oprette jer selv p\\u00e5 Socialkompas\",\"title_align\":\"top\",\"title_element\":\"h3\",\"title_grid_breakpoint\":\"m\",\"title_grid_width\":\"1-2\",\"title_hover_style\":\"reset\"}},{\"type\":\"button\",\"props\":{\"fullwidth\":false,\"grid_column_gap\":\"small\",\"grid_row_gap\":\"small\",\"margin\":\"default\"},\"children\":[{\"type\":\"button_item\",\"props\":{\"button_style\":\"primary\",\"content\":\"Opret din forening p\\u00e5 Socialkompas\",\"icon_align\":\"left\",\"link\":\"https:\\\/\\\/socialkompas.dk\\\/tilmeld\",\"link_target\":\"blank\"}}]},{\"type\":\"divider\",\"props\":{\"divider_element\":\"hr\"}},{\"type\":\"panel\",\"props\":{\"content\":\"\n\n<p>Har I brug for hj\\u00e6lp til at oprette jeres tilbud og aktiviteter p\\u00e5 Socialkompas Randers, s\\u00e5 kontakt lederen af Frivilligv\\u00e6rket, Mette S\\u00f8rensen, p\\u00e5\\u00a0<a href=\\\"mailto:mette@frilligvaerket.dk\\\">mette@frilligvaerket.dk<\\\/a>\\u00a0eller mobil 29 16 19 21.<\\\/p>\",\"content_column_breakpoint\":\"m\",\"icon_width\":80,\"image_align\":\"top\",\"image_grid_breakpoint\":\"m\",\"image_grid_width\":\"1-2\",\"image_svg_color\":\"emphasis\",\"link_style\":\"default\",\"link_text\":\"Read more\",\"margin\":\"default\",\"meta_align\":\"below-title\",\"meta_element\":\"div\",\"meta_style\":\"text-meta\",\"title\":\"Har I brug for hj\\u00e6lp til at komme p\\u00e5 Socialkompas?\",\"title_align\":\"top\",\"title_element\":\"h3\",\"title_grid_breakpoint\":\"m\",\"title_grid_width\":\"1-2\",\"title_hover_style\":\"reset\"}}]}]}]}],\"version\":\"4.4.20\"} --><\/p>\n","protected":false},"excerpt":{"rendered":"<p>Socialkompas Randers er den portal, vi har ventet p\u00e5. Mange foreninger har rigtig gode tilbud, men det kan v\u00e6re sv\u00e6rt for de borgere, der har brug for tilbuddene at finde vej derhen. Med Socialkompasset kan vi bygge bro mellem dem, der har behov for st\u00f8tte og opbakning og de foreninger, som har relevante tilbud. Ambitionen [&hellip;]<\/p>\n","protected":false},"author":1,"featured_media":0,"parent":0,"menu_order":0,"comment_status":"closed","ping_status":"closed","template":"","meta":{"footnotes":""},"class_list":["post-31","page","type-page","status-publish","hentry"],"_links":{"self":[{"href":"https:\/\/frivilligvaerket.dk\/index.php\/wp-json\/wp\/v2\/pages\/31","targetHints":{"allow":["GET"]}}],"collection":[{"href":"https:\/\/frivilligvaerket.dk\/index.php\/wp-json\/wp\/v2\/pages"}],"about":[{"href":"https:\/\/frivilligvaerket.dk\/index.php\/wp-json\/wp\/v2\/types\/page"}],"author":[{"embeddable":true,"href":"https:\/\/frivilligvaerket.dk\/index.php\/wp-json\/wp\/v2\/users\/1"}],"replies":[{"embeddable":true,"href":"https:\/\/frivilligvaerket.dk\/index.php\/wp-json\/wp\/v2\/comments?post=31"}],"version-history":[{"count":15,"href":"https:\/\/frivilligvaerket.dk\/index.php\/wp-json\/wp\/v2\/pages\/31\/revisions"}],"predecessor-version":[{"id":452,"href":"https:\/\/frivilligvaerket.dk\/index.php\/wp-json\/wp\/v2\/pages\/31\/revisions\/452"}],"wp:attachment":[{"href":"https:\/\/frivilligvaerket.dk\/index.php\/wp-json\/wp\/v2\/media?parent=31"}],"curies":[{"name":"wp","href":"https:\/\/api.w.org\/{rel}","templated":true}]}}