{"id":33,"date":"2024-11-02T18:12:41","date_gmt":"2024-11-02T18:12:41","guid":{"rendered":"https:\/\/frivilligvaerket.dk\/?page_id=33"},"modified":"2025-01-14T22:05:59","modified_gmt":"2025-01-14T22:05:59","slug":"find-faellesskaber-og-sociale-tilbud","status":"publish","type":"page","link":"https:\/\/frivilligvaerket.dk\/index.php\/find-faellesskaber-og-sociale-tilbud\/","title":{"rendered":"Find f\u00e6llesskaber og sociale tilbud"},"content":{"rendered":"<div>\n<h3>Er du p\u00e5 udkig efter nye f\u00e6llesskaber og oplevelser? S\u00e5 klik ind p\u00e5 den digitale portal Socialkompas Randers. Her kan du finde de sociale tilbud og aktiviteter, der er relevante for dig!<\/h3>\n<div>\n<p>Tag et kik p\u00e5 Socialkompas Randers og lad det guide dig til nye ideer, nogle at v\u00e6re sammen med, eller hj\u00e6lp til dig selv eller dine p\u00e5r\u00f8rende. P\u00e5 Socialkompas kan du finde alt fra f\u00e6llesskaber og sociale aktiviteter, r\u00e5dgivning og vejledning, motion, fritidsaktiviteter, st\u00f8tte til familier og patienter mm.<\/p>\n<\/div>\n<\/div>\n<p>\n    <a href=\"https:\/\/randers.socialkompas.dk\/\">Bes\u00f8g Socialkompas Randers<\/a>\n<\/p>\n<p><img decoding=\"async\" src=\"\/wp-content\/uploads\/2025\/01\/IMG_3528-scaled.jpg\" alt=\"\"><\/p>\n<p><!--more--><br \/>\n<!-- {\"type\":\"layout\",\"children\":[{\"type\":\"section\",\"props\":{\"image_position\":\"center-center\",\"style\":\"default\",\"title_breakpoint\":\"xl\",\"title_position\":\"top-left\",\"title_rotation\":\"left\",\"vertical_align\":\"middle\",\"width\":\"default\"},\"children\":[{\"type\":\"row\",\"props\":{\"layout\":\"2-3,1-3\"},\"children\":[{\"type\":\"column\",\"props\":{\"image_position\":\"center-center\",\"position_sticky_breakpoint\":\"m\",\"width_medium\":\"2-3\"},\"children\":[{\"type\":\"headline\",\"props\":{\"title_element\":\"h1\"},\"source\":{\"query\":{\"name\":\"pages.singlePage\"},\"props\":{\"content\":{\"filters\":{\"search\":\"\"},\"name\":\"title\"}}}},{\"type\":\"panel\",\"props\":{\"content\":\"\n\n<p>Tag et kik p\\u00e5 Socialkompas Randers og lad det guide dig til nye ideer, nogle at v\\u00e6re sammen med, eller hj\\u00e6lp til dig selv eller dine p\\u00e5r\\u00f8rende. P\\u00e5 Socialkompas kan du finde alt fra f\\u00e6llesskaber og sociale aktiviteter, r\\u00e5dgivning og vejledning, motion, fritidsaktiviteter, st\\u00f8tte til familier og patienter mm.<\\\/p>\",\"content_column_breakpoint\":\"m\",\"icon_width\":80,\"image_align\":\"top\",\"image_grid_breakpoint\":\"m\",\"image_grid_width\":\"1-2\",\"image_svg_color\":\"emphasis\",\"link_style\":\"default\",\"link_text\":\"Read more\",\"margin\":\"default\",\"meta_align\":\"below-title\",\"meta_element\":\"div\",\"meta_style\":\"text-meta\",\"title\":\"Er du p\\u00e5 udkig efter nye f\\u00e6llesskaber og oplevelser? S\\u00e5 klik ind p\\u00e5 den digitale portal Socialkompas Randers. Her kan du finde de sociale tilbud og aktiviteter, der er relevante for dig!\",\"title_align\":\"top\",\"title_element\":\"h3\",\"title_grid_breakpoint\":\"m\",\"title_grid_width\":\"1-2\",\"title_hover_style\":\"reset\"}},{\"type\":\"button\",\"props\":{\"fullwidth\":false,\"grid_column_gap\":\"small\",\"grid_row_gap\":\"small\",\"margin\":\"default\"},\"children\":[{\"type\":\"button_item\",\"props\":{\"button_style\":\"primary\",\"content\":\"Bes\\u00f8g Socialkompas Randers\",\"icon_align\":\"left\",\"link\":\"https:\\\/\\\/randers.socialkompas.dk\\\/\",\"link_target\":\"blank\"}}]}]},{\"type\":\"column\",\"props\":{\"image_position\":\"center-center\",\"position_sticky_breakpoint\":\"m\",\"width_medium\":\"1-3\"},\"children\":[{\"type\":\"image\",\"props\":{\"image\":\"wp-content\\\/uploads\\\/2025\\\/01\\\/IMG_3528-scaled.jpg\",\"image_svg_color\":\"emphasis\",\"margin\":\"default\"}}]}]}]}],\"version\":\"4.4.20\"} --><\/p>\n","protected":false},"excerpt":{"rendered":"<p>Er du p\u00e5 udkig efter nye f\u00e6llesskaber og oplevelser? S\u00e5 klik ind p\u00e5 den digitale portal Socialkompas Randers. Her kan du finde de sociale tilbud og aktiviteter, der er relevante for dig! Tag et kik p\u00e5 Socialkompas Randers og lad det guide dig til nye ideer, nogle at v\u00e6re sammen med, eller hj\u00e6lp til dig [&hellip;]<\/p>\n","protected":false},"author":1,"featured_media":0,"parent":0,"menu_order":0,"comment_status":"closed","ping_status":"closed","template":"","meta":{"footnotes":""},"class_list":["post-33","page","type-page","status-publish","hentry"],"_links":{"self":[{"href":"https:\/\/frivilligvaerket.dk\/index.php\/wp-json\/wp\/v2\/pages\/33","targetHints":{"allow":["GET"]}}],"collection":[{"href":"https:\/\/frivilligvaerket.dk\/index.php\/wp-json\/wp\/v2\/pages"}],"about":[{"href":"https:\/\/frivilligvaerket.dk\/index.php\/wp-json\/wp\/v2\/types\/page"}],"author":[{"embeddable":true,"href":"https:\/\/frivilligvaerket.dk\/index.php\/wp-json\/wp\/v2\/users\/1"}],"replies":[{"embeddable":true,"href":"https:\/\/frivilligvaerket.dk\/index.php\/wp-json\/wp\/v2\/comments?post=33"}],"version-history":[{"count":6,"href":"https:\/\/frivilligvaerket.dk\/index.php\/wp-json\/wp\/v2\/pages\/33\/revisions"}],"predecessor-version":[{"id":438,"href":"https:\/\/frivilligvaerket.dk\/index.php\/wp-json\/wp\/v2\/pages\/33\/revisions\/438"}],"wp:attachment":[{"href":"https:\/\/frivilligvaerket.dk\/index.php\/wp-json\/wp\/v2\/media?parent=33"}],"curies":[{"name":"wp","href":"https:\/\/api.w.org\/{rel}","templated":true}]}}