{"id":45,"date":"2024-11-02T18:13:38","date_gmt":"2024-11-02T18:13:38","guid":{"rendered":"https:\/\/frivilligvaerket.dk\/?page_id=45"},"modified":"2026-04-24T08:34:32","modified_gmt":"2026-04-24T08:34:32","slug":"bestyrelse","status":"publish","type":"page","link":"https:\/\/frivilligvaerket.dk\/index.php\/bestyrelse\/","title":{"rendered":"Bestyrelse"},"content":{"rendered":"<div>\n<h3>Frivilligv\u00e6rket er organiseret som en forening med en bestyrelse.<\/h3>\n<\/div>\n<ul>\n<li>\n<p>        <img decoding=\"async\" src=\"\/wp-content\/uploads\/2024\/12\/Leif.jpg\" alt=\"\"><\/p>\n<h3>Leif Fris Petersen<\/h3>\n<p>Forperson<\/p>\n<div>\n<p>Senior Erhverv Kronjylland<\/p>\n<\/div>\n<p><a href=\"mailto:leiffp@hotmail.com\">Send mail<\/a><\/p>\n<\/li>\n<li>\n<p>        <img decoding=\"async\" src=\"\/wp-content\/uploads\/2024\/12\/Else.jpg\" alt=\"\"><\/p>\n<h3>Else Norvin <\/h3>\n<p>N\u00e6stforperson og kasserer<\/p>\n<\/li>\n<li>\n<p>        <img decoding=\"async\" src=\"\/wp-content\/uploads\/2024\/12\/nopic.png\" alt=\"\"><\/p>\n<h3>Lene N\u00f8rgaard<\/h3>\n<p>Bestyrelsesmedlem<\/p>\n<div>\n<p>V\u00e6rum Forsamlingshus<\/p>\n<\/div>\n<\/li>\n<li>\n<p>        <img decoding=\"async\" src=\"\/wp-content\/uploads\/2024\/12\/Eske.jpg\" alt=\"\"><\/p>\n<h3>Eske Th\u00f8gersen<\/h3>\n<p>Bestyrelsesmedlem<\/p>\n<div>\n<p>Talentspejderne Randers<\/p>\n<\/div>\n<\/li>\n<li>\n<p>        <img decoding=\"async\" src=\"\/wp-content\/uploads\/2024\/12\/Anette.jpg\" alt=\"\"><\/p>\n<h3>Anette Rousing <\/h3>\n<p>Bestyrelsesmedlem<\/p>\n<div>\n<p>Osteoporoseforeningen Randers<\/p>\n<\/div>\n<\/li>\n<li>\n<p>        <img decoding=\"async\" src=\"\/wp-content\/uploads\/2024\/12\/nopic.png\" alt=\"\"><\/p>\n<h3>Lisa Lewis Bang<\/h3>\n<p>Bestyrelsesmedlem<\/p>\n<\/li>\n<li>\n<p>        <img decoding=\"async\" src=\"\/wp-content\/uploads\/2024\/12\/nopic.png\" alt=\"\"><\/p>\n<h3>Steffen Sand<\/h3>\n<p>Bestyrelsesmedlem<\/p>\n<div>\n<p>F\u00f8dek\u00e6den<\/p>\n<\/div>\n<\/li>\n<li>\n<p>        <img decoding=\"async\" src=\"\/wp-content\/uploads\/2024\/12\/Anders.jpg\" alt=\"\"><\/p>\n<h3>Anders Olsen<\/h3>\n<p>Suppleant<\/p>\n<div>\n<p>SAM Foreningen<\/p>\n<\/div>\n<\/li>\n<\/ul>\n<div>\n<div>\n<p>Tak til fotograf Jan Szwed for billeder.<\/p>\n<\/div>\n<\/div>\n<h1>Referater fra bestyrelsesm\u00f8der<\/h1>\n<div>\n<h4>Bestyrelsesm\u00f8de den 24. februar 2026<\/h4>\n<p><a href=\"https:\/\/frivilligvaerket.dk\/wp-content\/uploads\/2026\/04\/Referat-Bestyrelsesmoede-Frivilligvaerket-2402026.pdf\" target=\"_blank\" rel=\"noopener\">Se referatet her<\/a><\/p>\n<\/p>\n<h4>Bestyrelsesm\u00f8de den 21. oktober 2025\u00a0<\/h4>\n<p><a href=\"https:\/\/frivilligvaerket.dk\/wp-content\/uploads\/2025\/12\/Referat-Bestyrelsesmoede-Frivilligvaerket-10212025.pdf\" target=\"_blank\" rel=\"noopener\">Se referatet her<\/a><\/p>\n<\/p>\n<h4>Bestyrelsesm\u00f8de den 18. august 2025<\/h4>\n<p><a href=\"https:\/\/frivilligvaerket.dk\/wp-content\/uploads\/2025\/09\/Referat-Bestyrelsesmoede-Frivilligvaerket-18082025.pdf\" target=\"_blank\" rel=\"noopener\">Se referatet her<\/a><\/p>\n<\/p>\n<h4>Bestyrelsesm\u00f8de den 16. juni 2025<\/h4>\n<p><a href=\"https:\/\/frivilligvaerket.dk\/wp-content\/uploads\/2025\/07\/Referat-Bestyrelsesmoede-Frivilligvaerket-16062025.pdf\" target=\"_blank\" rel=\"noopener\">Se referatet her<\/a><\/p>\n<\/p>\n<h4>Bestyrelsesm\u00f8de den 5. maj 2025<\/h4>\n<p><a href=\"https:\/\/frivilligvaerket.dk\/wp-content\/uploads\/2025\/05\/Referat-Bestyrelsesmoede-Frivilligvaerket-05052025.pdf\" target=\"_blank\" rel=\"noopener\">Se referatet her<\/a><\/p>\n<\/p>\n<h4>Bestyrelsesm\u00f8de den 25. marts 2025<\/h4>\n<p><a href=\"https:\/\/frivilligvaerket.dk\/wp-content\/uploads\/2025\/05\/Referat-Bestyrelsesmoede-Frivilligvaerket-25032025.pdf\" target=\"_blank\" rel=\"noopener\">Se referatet her<\/a><\/p>\n<\/p>\n<h4>Bestyrelsesm\u00f8de den 4. februar 2025<\/h4>\n<p><a href=\"https:\/\/frivilligvaerket.dk\/wp-content\/uploads\/2025\/05\/Referat-Bestyrelsesmoede-Frivilligvaerket-04022025.pdf\" target=\"_blank\" rel=\"noopener\">Se referatet her<\/a><\/p>\n<\/p>\n<h4>Bestyrelsesm\u00f8de den 3. december 2024<\/h4>\n<p><a href=\"https:\/\/frivilligvaerket.dk\/wp-content\/uploads\/2025\/05\/Referat-Bestyrelsesmoede-Frivilligvaerket-03122024.pdf\" target=\"_blank\" rel=\"noopener\">Se referatet her<\/a><\/p>\n<\/p>\n<h4>Bestyrelsesm\u00f8de den 21. oktober 2024<\/h4>\n<p><a href=\"https:\/\/frivilligvaerket.dk\/wp-content\/uploads\/2025\/05\/Referat-Bestyrelsesmoede-Frivilligvaerket-21102024.pdf\" target=\"_blank\" rel=\"noopener\">Se referatet her\u00a0<\/a><\/p>\n<\/p>\n<h4>Bestyrelsesm\u00f8de den 10. september 2024<\/h4>\n<p><a href=\"https:\/\/frivilligvaerket.dk\/wp-content\/uploads\/2025\/05\/Referat-Bestyrelsesmoede-Frivilligvaerket-10092024.pdf\" target=\"_blank\" rel=\"noopener\">Se referatet her<\/a><\/p>\n<\/p>\n<h4>Bestyrelsesm\u00f8de den 6. juni 2024<\/h4>\n<p><a href=\"https:\/\/frivilligvaerket.dk\/wp-content\/uploads\/2025\/05\/Referat-Bestyrelsesmoede-Frivilligvaerket-06062024.pdf\" target=\"_blank\" rel=\"noopener\">Se referatet her<\/a><\/p>\n<\/p>\n<h4>Bestyrelsesm\u00f8de den 14. marts 2024<\/h4>\n<p><a href=\"https:\/\/frivilligvaerket.dk\/wp-content\/uploads\/2025\/05\/Referat-Bestyrelsesmoede-Frivilligvaerket-14032024.pdf\" target=\"_blank\" rel=\"noopener\">Se referatet her<\/a><\/p>\n<\/p>\n<h4>Bestyrelsesm\u00f8de den 10. januar 2024<\/h4>\n<p><a href=\"https:\/\/frivilligvaerket.dk\/wp-content\/uploads\/2025\/05\/Referat-Bestyrelsesmoede-Frivilligvaerket-10012024.pdf\" target=\"_blank\" rel=\"noopener\">Se referatet her<\/a><\/p>\n<\/p>\n<\/div>\n<h1>Referater fra generalforsamlinger<\/h1>\n<div>\n<h3>Generalforsamling 2026<\/h3>\n<p><a href=\"https:\/\/frivilligvaerket.dk\/wp-content\/uploads\/2026\/04\/Frivilligvaerket-referat-generalforsamling-2026-1.pdf\" target=\"_blank\" rel=\"noopener\">Referat generalforsamling 2026<\/a><\/p>\n<p><a href=\"https:\/\/frivilligvaerket.dk\/wp-content\/uploads\/2026\/04\/Beretning-for-Frivilligvaerket-2025.pdf\" target=\"_blank\" rel=\"noopener\">Frivilligv\u00e6rkets beretning 2025<\/a><\/p>\n<p><a href=\"https:\/\/frivilligvaerket.dk\/wp-content\/uploads\/2026\/04\/Frivilligvaerket-Aarsrapport-2025-underskrevet.pdf\" target=\"_blank\" rel=\"noopener\">Frivilligv\u00e6rkets \u00e5rsregnskab 2025<\/a><\/p>\n<p><a href=\"https:\/\/frivilligvaerket.dk\/wp-content\/uploads\/2026\/04\/Frivilligvaerket-Randers-budget-2026.pdf\" target=\"_blank\" rel=\"noopener\">Frivilligv\u00e6rkets budget 2026<\/a><\/p>\n<p><a href=\"https:\/\/frivilligvaerket.dk\/wp-content\/uploads\/2026\/04\/Strategiworkshop-Frivilligvaerkets-generalforsamling-09042026.pdf\" target=\"_blank\" rel=\"noopener\">Opsamling strategiworkshop<\/a><\/p>\n<\/p>\n<h3>Generalforsamling 2025<\/h3>\n<p><a href=\"https:\/\/frivilligvaerket.dk\/wp-content\/uploads\/2025\/05\/Frivilligvaerket-referat-generalforsamling-2025.pdf\" target=\"_blank\" rel=\"noopener\">Referat generalforsamling 2025<\/a><\/p>\n<p><a href=\"https:\/\/frivilligvaerket.dk\/wp-content\/uploads\/2025\/05\/Frivilligvaerket-beretning-generalforsamling-2025.pdf\" target=\"_blank\" rel=\"noopener\">Frivilligv\u00e6rkets beretning 2024<\/a><\/p>\n<p><a href=\"https:\/\/frivilligvaerket.dk\/wp-content\/uploads\/2025\/05\/Aarsrapport-for-2024-Frivilligvaerket-Randers.pdf\" target=\"_blank\" rel=\"noopener\">Frivilligv\u00e6rkets \u00e5rsregnskab 2024<\/a><\/p>\n<p><a href=\"https:\/\/frivilligvaerket.dk\/wp-content\/uploads\/2025\/05\/Frivilligvaerket-Randers-Opdateret-budget-2025-Socialstyrelsen.pdf\" target=\"_blank\" rel=\"noopener\">Frivilligv\u00e6rkets budget 2025<\/a><\/p>\n<\/p>\n<h3>Generalforsamling 2024<\/h3>\n<p><a href=\"https:\/\/frivilligvaerket.dk\/wp-content\/uploads\/2025\/05\/Referat-Frivilligvaerkets-generalforsamling-og-aarsmoede-2024.pdf\" target=\"_blank\" rel=\"noopener\">Referat generalforsamling 2024<\/a><\/p>\n<p><a href=\"https:\/\/frivilligvaerket.dk\/wp-content\/uploads\/2025\/05\/2023-Frivilligvaerket-Randers-Aarsrapport.pdf\" target=\"_blank\" rel=\"noopener\">Frivilligv\u00e6rkets \u00e5rsregnskab 2023<\/a><\/p>\n<p><a href=\"https:\/\/frivilligvaerket.dk\/wp-content\/uploads\/2025\/05\/Frivilligvaerket-Randers-Budget-2024-opdateret-20240424-GF.pdf\" target=\"_blank\" rel=\"noopener\">Frivilligv\u00e6rkets budget 2024<\/a><\/p>\n<\/div>\n<p><!--more--><br \/>\n<!-- {\"type\":\"layout\",\"children\":[{\"type\":\"section\",\"props\":{\"image_position\":\"center-center\",\"style\":\"default\",\"title_breakpoint\":\"xl\",\"title_position\":\"top-left\",\"title_rotation\":\"left\",\"vertical_align\":\"middle\",\"width\":\"default\"},\"children\":[{\"type\":\"row\",\"children\":[{\"type\":\"column\",\"props\":{\"image_position\":\"center-center\",\"position_sticky_breakpoint\":\"m\"},\"children\":[{\"type\":\"headline\",\"props\":{\"image_align\":\"left\",\"image_margin\":\"xsmall\",\"title_element\":\"h1\"},\"source\":{\"query\":{\"name\":\"pages.singlePage\"},\"props\":{\"content\":{\"filters\":{\"search\":\"\"},\"name\":\"title\"}}}}]}]},{\"type\":\"row\",\"children\":[{\"type\":\"column\",\"props\":{\"image_position\":\"center-center\",\"position_sticky_breakpoint\":\"m\"},\"children\":[{\"type\":\"panel\",\"props\":{\"content\":\"\",\"content_column_breakpoint\":\"m\",\"image_align\":\"top\",\"image_grid_breakpoint\":\"m\",\"image_grid_width\":\"1-2\",\"image_svg_color\":\"emphasis\",\"link_style\":\"default\",\"link_text\":\"Read more\",\"margin_bottom\":\"default\",\"margin_top\":\"default\",\"meta_align\":\"below-title\",\"meta_element\":\"div\",\"meta_style\":\"text-meta\",\"title\":\"Frivilligv\u00e6rket er organiseret som en forening med en bestyrelse.\",\"title_align\":\"top\",\"title_element\":\"h3\",\"title_grid_breakpoint\":\"m\",\"title_grid_width\":\"1-2\",\"title_hover_style\":\"reset\"}}]}],\"props\":{\"divider\":true}},{\"type\":\"row\",\"children\":[{\"type\":\"column\",\"props\":{\"image_position\":\"center-center\",\"position_sticky_breakpoint\":\"m\"},\"children\":[{\"type\":\"grid\",\"props\":{\"content_column_breakpoint\":\"m\",\"filter_align\":\"left\",\"filter_all\":true,\"filter_grid_breakpoint\":\"m\",\"filter_grid_width\":\"auto\",\"filter_position\":\"top\",\"filter_style\":\"tab\",\"grid_default\":\"1\",\"grid_medium\":\"4\",\"image_align\":\"between\",\"image_border\":\"rounded\",\"image_grid_breakpoint\":\"m\",\"image_grid_width\":\"1-2\",\"image_height\":\"500\",\"image_svg_color\":\"emphasis\",\"image_width\":\"500\",\"item_animation\":true,\"lightbox_bg_close\":true,\"link_margin\":\"remove\",\"link_style\":\"text\",\"link_text\":\"Send mail\",\"margin_bottom\":\"default\",\"margin_top\":\"default\",\"meta_align\":\"above-title\",\"meta_element\":\"div\",\"meta_style\":\"text-lead\",\"panel_padding\":\"small\",\"panel_style\":\"tile-muted\",\"show_content\":true,\"show_hover_image\":true,\"show_hover_video\":true,\"show_image\":true,\"show_link\":true,\"show_meta\":true,\"show_title\":true,\"show_video\":true,\"title_align\":\"top\",\"title_element\":\"h3\",\"title_grid_breakpoint\":\"m\",\"title_grid_width\":\"1-2\",\"title_hover_style\":\"reset\",\"title_style\":\"text-lead\"},\"children\":[{\"type\":\"grid_item\",\"props\":{\"content\":\"\n\n<p>Senior Erhverv Kronjylland<\/p>\n\n\",\"image\":\"wp-content\/uploads\/2024\/12\/Leif.jpg\",\"link\":\"mailto:leiffp@hotmail.com\",\"link_text\":\"Send mail\",\"meta\":\"Forperson\",\"title\":\"Leif Fris Petersen\"}},{\"type\":\"grid_item\",\"props\":{\"content\":\"\",\"image\":\"wp-content\/uploads\/2024\/12\/Else.jpg\",\"meta\":\"N\u00e6stforperson og kasserer\",\"title\":\"Else Norvin \"}},{\"type\":\"grid_item\",\"props\":{\"content\":\"\n\n<p>V\u00e6rum Forsamlingshus<\/p>\n\n\",\"image\":\"wp-content\/uploads\/2024\/12\/nopic.png\",\"meta\":\"Bestyrelsesmedlem\",\"title\":\"Lene N\u00f8rgaard\"}},{\"type\":\"grid_item\",\"props\":{\"content\":\"\n\n<p>Talentspejderne Randers<\/p>\n\n\",\"image\":\"wp-content\/uploads\/2024\/12\/Eske.jpg\",\"meta\":\"Bestyrelsesmedlem\",\"title\":\"Eske Th\u00f8gersen\"}},{\"type\":\"grid_item\",\"props\":{\"content\":\"\n\n<p>Osteoporoseforeningen Randers<\/p>\n\n\",\"image\":\"wp-content\/uploads\/2024\/12\/Anette.jpg\",\"meta\":\"Bestyrelsesmedlem\",\"title\":\"Anette Rousing \"}},{\"type\":\"grid_item\",\"props\":{\"content\":\"\",\"image\":\"wp-content\/uploads\/2024\/12\/nopic.png\",\"meta\":\"Bestyrelsesmedlem\",\"title\":\"Lisa Lewis Bang\"}},{\"type\":\"grid_item\",\"props\":{\"content\":\"\n\n<p>F\u00f8dek\u00e6den<\/p>\n\n\",\"image\":\"wp-content\/uploads\/2024\/12\/nopic.png\",\"meta\":\"Bestyrelsesmedlem\",\"title\":\"Steffen Sand\"}},{\"type\":\"grid_item\",\"props\":{\"content\":\"\n\n<p>SAM Foreningen<\/p>\n\n\",\"image\":\"wp-content\/uploads\/2024\/12\/Anders.jpg\",\"meta\":\"Suppleant\",\"title\":\"Anders Olsen\"}}]},{\"type\":\"panel\",\"props\":{\"content\":\"\n\n<p>Tak til fotograf Jan Szwed for billeder.<\/p>\n\n\",\"content_column_breakpoint\":\"m\",\"image_align\":\"top\",\"image_grid_breakpoint\":\"m\",\"image_grid_width\":\"1-2\",\"image_svg_color\":\"emphasis\",\"link_style\":\"default\",\"link_text\":\"Read more\",\"margin_bottom\":\"default\",\"margin_top\":\"default\",\"meta_align\":\"below-title\",\"meta_element\":\"div\",\"meta_style\":\"text-meta\",\"title_align\":\"top\",\"title_element\":\"h3\",\"title_grid_breakpoint\":\"m\",\"title_grid_width\":\"1-2\",\"title_hover_style\":\"reset\"}}]}]},{\"type\":\"row\",\"children\":[{\"type\":\"column\",\"props\":{\"image_position\":\"center-center\",\"position_sticky_breakpoint\":\"m\",\"width_medium\":\"1-2\"},\"children\":[{\"type\":\"headline\",\"props\":{\"content\":\"Referater fra bestyrelsesm\u00f8der\",\"image_align\":\"left\",\"image_margin\":\"xsmall\",\"title_element\":\"h1\"}},{\"type\":\"text\",\"props\":{\"column_breakpoint\":\"m\",\"content\":\"\n\n<h4>Bestyrelsesm\u00f8de den 24. februar 2026<\/h4>\n\n\\n\n\n<p><a href=\\\"https:\/\/frivilligvaerket.dk\/wp-content\/uploads\/2026\/04\/Referat-Bestyrelsesmoede-Frivilligvaerket-2402026.pdf\\\" target=\\\"_blank\\\" rel=\\\"noopener\\\">Se referatet her<\/a><\/p>\n\n\\n\n\n\n\n\\n\n\n<h4>Bestyrelsesm\u00f8de den 21. oktober 2025\u00a0<\/h4>\n\n\\n\n\n<p><a href=\\\"https:\/\/frivilligvaerket.dk\/wp-content\/uploads\/2025\/12\/Referat-Bestyrelsesmoede-Frivilligvaerket-10212025.pdf\\\" target=\\\"_blank\\\" rel=\\\"noopener\\\">Se referatet her<\/a><\/p>\n\n\\n\n\n\n\n\\n\n\n<h4>Bestyrelsesm\u00f8de den 18. august 2025<\/h4>\n\n\\n\n\n<p><a href=\\\"https:\/\/frivilligvaerket.dk\/wp-content\/uploads\/2025\/09\/Referat-Bestyrelsesmoede-Frivilligvaerket-18082025.pdf\\\" target=\\\"_blank\\\" rel=\\\"noopener\\\">Se referatet her<\/a><\/p>\n\n\\n\n\n\n\n\\n\n\n<h4>Bestyrelsesm\u00f8de den 16. juni 2025<\/h4>\n\n\\n\n\n<p><a href=\\\"https:\/\/frivilligvaerket.dk\/wp-content\/uploads\/2025\/07\/Referat-Bestyrelsesmoede-Frivilligvaerket-16062025.pdf\\\" target=\\\"_blank\\\" rel=\\\"noopener\\\">Se referatet her<\/a><\/p>\n\n\\n\n\n\n\n\\n\n\n<h4>Bestyrelsesm\u00f8de den 5. maj 2025<\/h4>\n\n\\n\n\n<p><a href=\\\"https:\/\/frivilligvaerket.dk\/wp-content\/uploads\/2025\/05\/Referat-Bestyrelsesmoede-Frivilligvaerket-05052025.pdf\\\" target=\\\"_blank\\\" rel=\\\"noopener\\\">Se referatet her<\/a><\/p>\n\n\\n\n\n\n\n\\n\n\n<h4>Bestyrelsesm\u00f8de den 25. marts 2025<\/h4>\n\n\\n\n\n<p><a href=\\\"https:\/\/frivilligvaerket.dk\/wp-content\/uploads\/2025\/05\/Referat-Bestyrelsesmoede-Frivilligvaerket-25032025.pdf\\\" target=\\\"_blank\\\" rel=\\\"noopener\\\">Se referatet her<\/a><\/p>\n\n\\n\n\n\n\n\\n\n\n<h4>Bestyrelsesm\u00f8de den 4. februar 2025<\/h4>\n\n\\n\n\n<p><a href=\\\"https:\/\/frivilligvaerket.dk\/wp-content\/uploads\/2025\/05\/Referat-Bestyrelsesmoede-Frivilligvaerket-04022025.pdf\\\" target=\\\"_blank\\\" rel=\\\"noopener\\\">Se referatet her<\/a><\/p>\n\n\\n\n\n\n\n\\n\n\n<h4>Bestyrelsesm\u00f8de den 3. december 2024<\/h4>\n\n\\n\n\n<p><a href=\\\"https:\/\/frivilligvaerket.dk\/wp-content\/uploads\/2025\/05\/Referat-Bestyrelsesmoede-Frivilligvaerket-03122024.pdf\\\" target=\\\"_blank\\\" rel=\\\"noopener\\\">Se referatet her<\/a><\/p>\n\n\\n\n\n\n\n\\n\n\n<h4>Bestyrelsesm\u00f8de den 21. oktober 2024<\/h4>\n\n\\n\n\n<p><a href=\\\"https:\/\/frivilligvaerket.dk\/wp-content\/uploads\/2025\/05\/Referat-Bestyrelsesmoede-Frivilligvaerket-21102024.pdf\\\" target=\\\"_blank\\\" rel=\\\"noopener\\\">Se referatet her\u00a0<\/a><\/p>\n\n\\n\n\n\n\n\\n\n\n<h4>Bestyrelsesm\u00f8de den 10. september 2024<\/h4>\n\n\\n\n\n<p><a href=\\\"https:\/\/frivilligvaerket.dk\/wp-content\/uploads\/2025\/05\/Referat-Bestyrelsesmoede-Frivilligvaerket-10092024.pdf\\\" target=\\\"_blank\\\" rel=\\\"noopener\\\">Se referatet her<\/a><\/p>\n\n\\n\n\n\n\n\\n\n\n<h4>Bestyrelsesm\u00f8de den 6. juni 2024<\/h4>\n\n\\n\n\n<p><a href=\\\"https:\/\/frivilligvaerket.dk\/wp-content\/uploads\/2025\/05\/Referat-Bestyrelsesmoede-Frivilligvaerket-06062024.pdf\\\" target=\\\"_blank\\\" rel=\\\"noopener\\\">Se referatet her<\/a><\/p>\n\n\\n\n\n\n\n\\n\n\n<h4>Bestyrelsesm\u00f8de den 14. marts 2024<\/h4>\n\n\\n\n\n<p><a href=\\\"https:\/\/frivilligvaerket.dk\/wp-content\/uploads\/2025\/05\/Referat-Bestyrelsesmoede-Frivilligvaerket-14032024.pdf\\\" target=\\\"_blank\\\" rel=\\\"noopener\\\">Se referatet her<\/a><\/p>\n\n\\n\n\n\n\n\\n\n\n<h4>Bestyrelsesm\u00f8de den 10. januar 2024<\/h4>\n\n\\n\n\n<p><a href=\\\"https:\/\/frivilligvaerket.dk\/wp-content\/uploads\/2025\/05\/Referat-Bestyrelsesmoede-Frivilligvaerket-10012024.pdf\\\" target=\\\"_blank\\\" rel=\\\"noopener\\\">Se referatet her<\/a><\/p>\n\n\\n\n\n\n\n\",\"margin_bottom\":\"default\",\"margin_top\":\"default\"}}]},{\"type\":\"column\",\"props\":{\"image_position\":\"center-center\",\"position_sticky_breakpoint\":\"m\",\"width_medium\":\"1-2\"},\"children\":[{\"type\":\"headline\",\"props\":{\"content\":\"Referater fra generalforsamlinger\",\"image_align\":\"left\",\"image_margin\":\"xsmall\",\"title_element\":\"h1\"}},{\"type\":\"text\",\"props\":{\"column_breakpoint\":\"m\",\"content\":\"\n\n<h3>Generalforsamling 2026<\/h3>\n\n\\n\n\n<p><a href=\\\"https:\/\/frivilligvaerket.dk\/wp-content\/uploads\/2026\/04\/Frivilligvaerket-referat-generalforsamling-2026-1.pdf\\\" target=\\\"_blank\\\" rel=\\\"noopener\\\">Referat generalforsamling 2026<\/a><\/p>\n\n\\n\n\n<p><a href=\\\"https:\/\/frivilligvaerket.dk\/wp-content\/uploads\/2026\/04\/Beretning-for-Frivilligvaerket-2025.pdf\\\" target=\\\"_blank\\\" rel=\\\"noopener\\\">Frivilligv\u00e6rkets beretning 2025<\/a><\/p>\n\n\\n\n\n<p><a href=\\\"https:\/\/frivilligvaerket.dk\/wp-content\/uploads\/2026\/04\/Frivilligvaerket-Aarsrapport-2025-underskrevet.pdf\\\" target=\\\"_blank\\\" rel=\\\"noopener\\\">Frivilligv\u00e6rkets \u00e5rsregnskab 2025<\/a><\/p>\n\n\\n\n\n<p><a href=\\\"https:\/\/frivilligvaerket.dk\/wp-content\/uploads\/2026\/04\/Frivilligvaerket-Randers-budget-2026.pdf\\\" target=\\\"_blank\\\" rel=\\\"noopener\\\">Frivilligv\u00e6rkets budget 2026<\/a><\/p>\n\n\\n\n\n<p><a href=\\\"https:\/\/frivilligvaerket.dk\/wp-content\/uploads\/2026\/04\/Strategiworkshop-Frivilligvaerkets-generalforsamling-09042026.pdf\\\" target=\\\"_blank\\\" rel=\\\"noopener\\\">Opsamling strategiworkshop<\/a><\/p>\n\n\\n\n\n\n\n\\n\n\n<h3>Generalforsamling 2025<\/h3>\n\n\\n\n\n<p><a href=\\\"https:\/\/frivilligvaerket.dk\/wp-content\/uploads\/2025\/05\/Frivilligvaerket-referat-generalforsamling-2025.pdf\\\" target=\\\"_blank\\\" rel=\\\"noopener\\\">Referat generalforsamling 2025<\/a><\/p>\n\n\\n\n\n<p><a href=\\\"https:\/\/frivilligvaerket.dk\/wp-content\/uploads\/2025\/05\/Frivilligvaerket-beretning-generalforsamling-2025.pdf\\\" target=\\\"_blank\\\" rel=\\\"noopener\\\">Frivilligv\u00e6rkets beretning 2024<\/a><\/p>\n\n\\n\n\n<p><a href=\\\"https:\/\/frivilligvaerket.dk\/wp-content\/uploads\/2025\/05\/Aarsrapport-for-2024-Frivilligvaerket-Randers.pdf\\\" target=\\\"_blank\\\" rel=\\\"noopener\\\">Frivilligv\u00e6rkets \u00e5rsregnskab 2024<\/a><\/p>\n\n\\n\n\n<p><a href=\\\"https:\/\/frivilligvaerket.dk\/wp-content\/uploads\/2025\/05\/Frivilligvaerket-Randers-Opdateret-budget-2025-Socialstyrelsen.pdf\\\" target=\\\"_blank\\\" rel=\\\"noopener\\\">Frivilligv\u00e6rkets budget 2025<\/a><\/p>\n\n\\n\n\n\n\n\\n\n\n<h3>Generalforsamling 2024<\/h3>\n\n\\n\n\n<p><a href=\\\"https:\/\/frivilligvaerket.dk\/wp-content\/uploads\/2025\/05\/Referat-Frivilligvaerkets-generalforsamling-og-aarsmoede-2024.pdf\\\" target=\\\"_blank\\\" rel=\\\"noopener\\\">Referat generalforsamling 2024<\/a><\/p>\n\n\\n\n\n<p><a href=\\\"https:\/\/frivilligvaerket.dk\/wp-content\/uploads\/2025\/05\/2023-Frivilligvaerket-Randers-Aarsrapport.pdf\\\" target=\\\"_blank\\\" rel=\\\"noopener\\\">Frivilligv\u00e6rkets \u00e5rsregnskab 2023<\/a><\/p>\n\n\\n\n\n<p><a href=\\\"https:\/\/frivilligvaerket.dk\/wp-content\/uploads\/2025\/05\/Frivilligvaerket-Randers-Budget-2024-opdateret-20240424-GF.pdf\\\" target=\\\"_blank\\\" rel=\\\"noopener\\\">Frivilligv\u00e6rkets budget 2024<\/a><\/p>\n\n\",\"margin_bottom\":\"default\",\"margin_top\":\"default\"}}]}],\"props\":{\"layout\":\"1-2,1-2\"}}]}],\"version\":\"5.0.29\"} --><\/p>\n","protected":false},"excerpt":{"rendered":"<p>Frivilligv\u00e6rket er organiseret som en forening med en bestyrelse. Leif Fris Petersen Forperson Senior Erhverv Kronjylland Send mail Else Norvin N\u00e6stforperson og kasserer Lene N\u00f8rgaard Bestyrelsesmedlem V\u00e6rum Forsamlingshus Eske Th\u00f8gersen Bestyrelsesmedlem Talentspejderne Randers Anette Rousing Bestyrelsesmedlem Osteoporoseforeningen Randers Lisa Lewis Bang Bestyrelsesmedlem Steffen Sand Bestyrelsesmedlem F\u00f8dek\u00e6den Anders Olsen Suppleant SAM Foreningen Tak til fotograf Jan [&hellip;]<\/p>\n","protected":false},"author":1,"featured_media":0,"parent":0,"menu_order":0,"comment_status":"closed","ping_status":"closed","template":"","meta":{"footnotes":""},"class_list":["post-45","page","type-page","status-publish","hentry"],"_links":{"self":[{"href":"https:\/\/frivilligvaerket.dk\/index.php\/wp-json\/wp\/v2\/pages\/45","targetHints":{"allow":["GET"]}}],"collection":[{"href":"https:\/\/frivilligvaerket.dk\/index.php\/wp-json\/wp\/v2\/pages"}],"about":[{"href":"https:\/\/frivilligvaerket.dk\/index.php\/wp-json\/wp\/v2\/types\/page"}],"author":[{"embeddable":true,"href":"https:\/\/frivilligvaerket.dk\/index.php\/wp-json\/wp\/v2\/users\/1"}],"replies":[{"embeddable":true,"href":"https:\/\/frivilligvaerket.dk\/index.php\/wp-json\/wp\/v2\/comments?post=45"}],"version-history":[{"count":61,"href":"https:\/\/frivilligvaerket.dk\/index.php\/wp-json\/wp\/v2\/pages\/45\/revisions"}],"predecessor-version":[{"id":904,"href":"https:\/\/frivilligvaerket.dk\/index.php\/wp-json\/wp\/v2\/pages\/45\/revisions\/904"}],"wp:attachment":[{"href":"https:\/\/frivilligvaerket.dk\/index.php\/wp-json\/wp\/v2\/media?parent=45"}],"curies":[{"name":"wp","href":"https:\/\/api.w.org\/{rel}","templated":true}]}}