{"id":49,"date":"2024-11-02T18:13:58","date_gmt":"2024-11-02T18:13:58","guid":{"rendered":"https:\/\/frivilligvaerket.dk\/?page_id=49"},"modified":"2025-01-14T23:25:51","modified_gmt":"2025-01-14T23:25:51","slug":"bliv-medlem","status":"publish","type":"page","link":"https:\/\/frivilligvaerket.dk\/index.php\/bliv-medlem\/","title":{"rendered":"Bliv medlem"},"content":{"rendered":"<p><img decoding=\"async\" src=\"\/wp-content\/uploads\/2025\/01\/Frivilligvaerket-bliv-medlem.jpg\" alt=\"\"><\/p>\n<p>\n    <a href=\"\/wp-content\/uploads\/2025\/01\/Indmeldelsesblanket-Frivilligvaerket-2025.docx\">Bliv medlem af Frivilligv\u00e6rket<\/a>\n<\/p>\n<div>\n<div>\n<p>Alle frivillige foreninger, organisationer, projekter, klubber, formelle og uformelle netv\u00e6rk, privatpersoner og virksomheder, som tilslutter sig Frivilligv\u00e6rkets form\u00e5l og virke kan blive medlem af Frivilligv\u00e6rket. For at blive medlem skal foreninger eller organisationen have aktiviteter i Randers Kommune, og det frivillige engagement skal v\u00e6re et v\u00e6sentligt omdrejningspunkt.<\/p>\n<p>Som medlem af Frivilligv\u00e6rket kan I l\u00e5ne lokaler i Frivilligv\u00e6rket, og I kan f\u00e5 r\u00e5dgivning og sparring om frivillighed og foreningsliv. I bliver ogs\u00e5 inviteret med til Frivilligv\u00e6rkets arrangementer, kurser m.m. Det er gratis at v\u00e6re medlem af Frivilligv\u00e6rket.<\/p>\n<p>Vil din forening v\u00e6re medlem af Frivilligv\u00e6rket, s\u00e5 klik p\u00e5 linket og download indmeldelsesblanketten.\u00a0<\/p>\n<\/div>\n<\/div>\n<p><!--more--><br \/>\n<!-- {\"type\":\"layout\",\"children\":[{\"type\":\"section\",\"props\":{\"image_position\":\"center-center\",\"style\":\"default\",\"title_breakpoint\":\"xl\",\"title_position\":\"top-left\",\"title_rotation\":\"left\",\"vertical_align\":\"middle\",\"width\":\"default\"},\"children\":[{\"type\":\"row\",\"children\":[{\"type\":\"column\",\"props\":{\"image_position\":\"center-center\",\"position_sticky_breakpoint\":\"m\"},\"children\":[{\"type\":\"headline\",\"props\":{\"title_element\":\"h1\"},\"source\":{\"query\":{\"name\":\"pages.singlePage\"},\"props\":{\"content\":{\"filters\":{\"search\":\"\"},\"name\":\"title\"}}}}]}]},{\"type\":\"row\",\"props\":{\"layout\":\"1-3,2-3\"},\"children\":[{\"type\":\"column\",\"props\":{\"image_position\":\"center-center\",\"position_sticky_breakpoint\":\"m\",\"width_medium\":\"1-3\"},\"children\":[{\"type\":\"image\",\"props\":{\"image\":\"wp-content\\\/uploads\\\/2025\\\/01\\\/Frivilligvaerket-bliv-medlem.jpg\",\"image_svg_color\":\"emphasis\",\"margin\":\"default\"}},{\"type\":\"button\",\"props\":{\"fullwidth\":true,\"grid_column_gap\":\"small\",\"grid_row_gap\":\"small\",\"margin\":\"default\"},\"children\":[{\"type\":\"button_item\",\"props\":{\"button_style\":\"primary\",\"content\":\"Bliv medlem af Frivilligv\\u00e6rket\",\"icon\":\"file-text\",\"icon_align\":\"left\",\"link\":\"wp-content\\\/uploads\\\/2025\\\/01\\\/Indmeldelsesblanket-Frivilligvaerket-2025.docx\"}}]}]},{\"type\":\"column\",\"props\":{\"image_position\":\"center-center\",\"position_sticky_breakpoint\":\"m\",\"width_medium\":\"2-3\"},\"children\":[{\"type\":\"panel\",\"props\":{\"content\":\"\n\n<p>Alle frivillige foreninger, organisationer, projekter, klubber, formelle og uformelle netv\\u00e6rk, privatpersoner og virksomheder, som tilslutter sig Frivilligv\\u00e6rkets form\\u00e5l og virke kan blive medlem af Frivilligv\\u00e6rket. For at blive medlem skal foreninger eller organisationen have aktiviteter i Randers Kommune, og det frivillige engagement skal v\\u00e6re et v\\u00e6sentligt omdrejningspunkt.<\\\/p>\\n\n\n<p>Som medlem af Frivilligv\\u00e6rket kan I l\\u00e5ne lokaler i Frivilligv\\u00e6rket, og I kan f\\u00e5 r\\u00e5dgivning og sparring om frivillighed og foreningsliv. I bliver ogs\\u00e5 inviteret med til Frivilligv\\u00e6rkets arrangementer, kurser m.m. Det er gratis at v\\u00e6re medlem af Frivilligv\\u00e6rket.<\\\/p>\\n\n\n<p>Vil din forening v\\u00e6re medlem af Frivilligv\\u00e6rket, s\\u00e5 klik p\\u00e5 linket og download indmeldelsesblanketten.\\u00a0<\\\/p>\",\"content_column_breakpoint\":\"m\",\"icon_width\":80,\"image_align\":\"top\",\"image_grid_breakpoint\":\"m\",\"image_grid_width\":\"1-2\",\"image_svg_color\":\"emphasis\",\"link_style\":\"default\",\"link_text\":\"Read more\",\"margin\":\"default\",\"meta_align\":\"below-title\",\"meta_element\":\"div\",\"meta_style\":\"text-meta\",\"title\":\"\",\"title_align\":\"top\",\"title_element\":\"h3\",\"title_grid_breakpoint\":\"m\",\"title_grid_width\":\"1-2\",\"title_hover_style\":\"reset\"}}]}]}]}],\"version\":\"4.4.20\"} --><\/p>\n","protected":false},"excerpt":{"rendered":"<p>Bliv medlem af Frivilligv\u00e6rket Alle frivillige foreninger, organisationer, projekter, klubber, formelle og uformelle netv\u00e6rk, privatpersoner og virksomheder, som tilslutter sig Frivilligv\u00e6rkets form\u00e5l og virke kan blive medlem af Frivilligv\u00e6rket. For at blive medlem skal foreninger eller organisationen have aktiviteter i Randers Kommune, og det frivillige engagement skal v\u00e6re et v\u00e6sentligt omdrejningspunkt. Som medlem af Frivilligv\u00e6rket [&hellip;]<\/p>\n","protected":false},"author":1,"featured_media":0,"parent":0,"menu_order":0,"comment_status":"closed","ping_status":"closed","template":"","meta":{"footnotes":""},"class_list":["post-49","page","type-page","status-publish","hentry"],"_links":{"self":[{"href":"https:\/\/frivilligvaerket.dk\/index.php\/wp-json\/wp\/v2\/pages\/49","targetHints":{"allow":["GET"]}}],"collection":[{"href":"https:\/\/frivilligvaerket.dk\/index.php\/wp-json\/wp\/v2\/pages"}],"about":[{"href":"https:\/\/frivilligvaerket.dk\/index.php\/wp-json\/wp\/v2\/types\/page"}],"author":[{"embeddable":true,"href":"https:\/\/frivilligvaerket.dk\/index.php\/wp-json\/wp\/v2\/users\/1"}],"replies":[{"embeddable":true,"href":"https:\/\/frivilligvaerket.dk\/index.php\/wp-json\/wp\/v2\/comments?post=49"}],"version-history":[{"count":9,"href":"https:\/\/frivilligvaerket.dk\/index.php\/wp-json\/wp\/v2\/pages\/49\/revisions"}],"predecessor-version":[{"id":484,"href":"https:\/\/frivilligvaerket.dk\/index.php\/wp-json\/wp\/v2\/pages\/49\/revisions\/484"}],"wp:attachment":[{"href":"https:\/\/frivilligvaerket.dk\/index.php\/wp-json\/wp\/v2\/media?parent=49"}],"curies":[{"name":"wp","href":"https:\/\/api.w.org\/{rel}","templated":true}]}}