{"id":82,"date":"2024-11-02T18:36:39","date_gmt":"2024-11-02T18:36:39","guid":{"rendered":"https:\/\/frivilligvaerket.dk\/?page_id=82"},"modified":"2025-06-10T22:27:24","modified_gmt":"2025-06-10T22:27:24","slug":"forside","status":"publish","type":"page","link":"https:\/\/frivilligvaerket.dk\/","title":{"rendered":"Forside"},"content":{"rendered":"<div>\n<p>        <img decoding=\"async\" src=\"\/wp-content\/uploads\/2025\/01\/Forside-banner-3.jpg\" alt=\"\"><\/p>\n<h3>Frivilligv\u00e6rket Randers<\/h3>\n<div>\n<ul>\n<li>Vi g\u00f8r det sjovere at v\u00e6re frivillig<\/li>\n<li>Vi g\u00f8r det lettere at v\u00e6re forening<\/li>\n<li>Vi viser vej til f\u00e6llesskaber og hj\u00e6lp<\/li>\n<\/ul>\n<\/div>\n<\/div>\n<p><img decoding=\"async\" src=\"\/wp-content\/uploads\/2025\/01\/Forside-mobil-scaled.jpg\" alt=\"\"><\/p>\n<div>\n<p>Frivilligv\u00e6rket Randers<\/p>\n<\/div>\n<div>\n<ul>\n<li>Vi g\u00f8r det sjovere at v\u00e6re frivillig<\/li>\n<li>Vi g\u00f8r det lettere at v\u00e6re forening<\/li>\n<li>Vi viser vej til f\u00e6llesskaber og hj\u00e6lp<\/li>\n<\/ul>\n<\/div>\n<div>\n<\/div>\n<div>\n<p>        <img decoding=\"async\" src=\"\/wp-content\/uploads\/photo-1711843250777-f48a9448d9c1-scaled.jpg\" alt=\"\"><\/p>\n<h2>Foreningsr\u00e5dgivning<\/h2>\n<p><a href=\"\/index.php\/raadgivning-for-foreninger\/\"><\/a><\/p>\n<\/div>\n<div>\n<p>        <img decoding=\"async\" src=\"\/wp-content\/uploads\/2025\/05\/Lokale-tvaerformat-1000X600-scaled.jpg\" alt=\"\"><\/p>\n<h2> L\u00e5n et lokale<\/h2>\n<p><a href=\"\/index.php\/laan-lokale\/\"><\/a><\/p>\n<\/div>\n<div>\n<p>        <img decoding=\"async\" src=\"\/wp-content\/uploads\/2025\/01\/Socialkompas-forside-1000x600-1.jpg\" alt=\"\"><\/p>\n<h2>Socialkompas<\/h2>\n<p><a href=\"https:\/\/randers.socialkompas.dk\/\"><\/a><\/p>\n<\/div>\n<div>\n<p>        <img decoding=\"async\" src=\"\/wp-content\/uploads\/photo-1578357078586-491adf1aa5ba-scaled.jpg\" alt=\"\"><\/p>\n<h2>Bliv frivillig<\/h2>\n<p><a href=\"\/index.php\/vil-du-vaere-frivillig\/\"><\/a><\/p>\n<\/div>\n<p><!--more--><br \/>\n<!-- {\"type\":\"layout\",\"children\":[{\"type\":\"section\",\"props\":{\"image_position\":\"center-center\",\"padding\":\"small\",\"padding_remove_bottom\":true,\"padding_remove_top\":false,\"style\":\"default\",\"title_breakpoint\":\"xl\",\"title_position\":\"top-left\",\"title_rotation\":\"left\",\"vertical_align\":\"\",\"width\":\"xlarge\"},\"children\":[{\"type\":\"row\",\"props\":{\"column_gap\":\"small\",\"divider\":true},\"children\":[{\"type\":\"column\",\"props\":{\"image_position\":\"center-center\",\"position_sticky_breakpoint\":\"m\"},\"children\":[{\"name\":\"Stor\",\"type\":\"overlay\",\"props\":{\"content\":\"\n\n<ul>\\n\n\n<li>Vi g\\u00f8r det sjovere at v\\u00e6re frivillig<\\\/li>\\n\n\n<li>Vi g\\u00f8r det lettere at v\\u00e6re forening<\\\/li>\\n\n\n<li>Vi viser vej til f\\u00e6llesskaber og hj\\u00e6lp<\\\/li>\\n<\\\/ul>\",\"content_style\":\"text-lead\",\"image\":\"wp-content\\\/uploads\\\/2025\\\/01\\\/Forside-banner-3.jpg\",\"image_border\":\"rounded\",\"image_box_decoration\":\"shadow\",\"image_width\":\"1600\",\"link_style\":\"default\",\"link_text\":\"Read more\",\"margin\":\"\",\"meta\":\"\",\"meta_align\":\"below-title\",\"meta_element\":\"div\",\"meta_margin\":\"small\",\"meta_style\":\"heading-small\",\"overlay_hover\":false,\"overlay_mode\":\"caption\",\"overlay_padding\":\"small\",\"overlay_position\":\"bottom\",\"overlay_style\":\"overlay-primary\",\"overlay_transition\":\"slide-bottom-small\",\"text_align\":\"\",\"text_color\":\"\",\"title\":\"Frivilligv\\u00e6rket Randers\",\"title_element\":\"h3\",\"title_hover_style\":\"reset\",\"title_margin\":\"remove\",\"title_style\":\"heading-medium\",\"visibility\":\"m\"}},{\"type\":\"image\",\"props\":{\"image\":\"wp-content\\\/uploads\\\/2025\\\/01\\\/Forside-mobil-scaled.jpg\",\"image_border\":\"rounded\",\"image_height\":\"400\",\"image_svg_color\":\"emphasis\",\"image_width\":\"1000\",\"margin\":\"default\",\"visibility\":\"hidden-m\"},\"name\":\"Lille\"},{\"type\":\"text\",\"props\":{\"column_breakpoint\":\"m\",\"content\":\"\n\n<p>Frivilligv\\u00e6rket Randers<\\\/p>\",\"margin\":\"default\",\"text_align\":\"center\",\"text_style\":\"large\",\"visibility\":\"hidden-m\"},\"name\":\"Lille\"},{\"type\":\"text\",\"props\":{\"column_breakpoint\":\"m\",\"content\":\"\n\n<ul>\\n\n\n<li>Vi g\\u00f8r det sjovere at v\\u00e6re frivillig<\\\/li>\\n\n\n<li>Vi g\\u00f8r det lettere at v\\u00e6re forening<\\\/li>\\n\n\n<li>Vi viser vej til f\\u00e6llesskaber og hj\\u00e6lp<\\\/li>\\n<\\\/ul>\",\"margin\":\"default\",\"text_style\":\"small\",\"visibility\":\"hidden-m\"},\"name\":\"Lille\"}]}]}],\"name\":\"Top\"},{\"type\":\"section\",\"props\":{\"animation\":\"fade\",\"animation_delay\":\"100\",\"image_position\":\"center-center\",\"overlap\":false,\"padding\":\"small\",\"padding_remove_bottom\":false,\"padding_remove_horizontal\":false,\"padding_remove_top\":false,\"style\":\"default\",\"title_breakpoint\":\"xl\",\"title_position\":\"top-left\",\"title_rotation\":\"left\",\"vertical_align\":\"\",\"width\":\"xlarge\"},\"children\":[{\"type\":\"row\",\"children\":[{\"type\":\"column\",\"props\":{\"image_position\":\"center-center\",\"position_sticky_breakpoint\":\"m\",\"width_medium\":\"1-4\",\"width_small\":\"1-2\"},\"children\":[{\"type\":\"panel\",\"props\":{\"content\":\"\n\n<p>Andreas Lloyd holder inspirationsopl\\u00e6g, n\\u00e5r Frivilligv\\u00e6rket og Randers Bibliotek inviterer til Frivillig Fredag d. 27. september 2024 kl. 16-20 p\\u00e5 Randers Bibliotek.<\\\/p>\",\"content_column_breakpoint\":\"m\",\"icon_width\":80,\"image\":\"\",\"image_align\":\"between\",\"image_border\":\"rounded\",\"image_grid_breakpoint\":\"m\",\"image_grid_width\":\"1-2\",\"image_height\":500,\"image_svg_color\":\"emphasis\",\"image_width\":1000,\"link\":\"https:\\\/\\\/frivilligvaerket.dk\\\/nyheder\\\/id\\\/248\",\"link_fullwidth\":true,\"link_style\":\"primary\",\"link_target\":false,\"link_text\":\"L\\u00e6s mere her\",\"margin\":\"default\",\"meta\":\"9. september 2024\",\"meta_align\":\"below-title\",\"meta_element\":\"div\",\"meta_style\":\"text-meta\",\"title\":\"Opl\\u00e6g med Andreas Lloyd til Frivillig Fredag\",\"title_align\":\"top\",\"title_element\":\"h3\",\"title_grid_breakpoint\":\"m\",\"title_grid_width\":\"1-2\",\"title_hover_style\":\"reset\"}}]},{\"type\":\"column\",\"props\":{\"image_position\":\"center-center\",\"position_sticky_breakpoint\":\"m\",\"width_medium\":\"1-4\",\"width_small\":\"1-2\"},\"children\":[{\"type\":\"panel\",\"props\":{\"content\":\"\n\n<p>Frivilligv\\u00e6rket holder efter\\u00e5rsferie fra onsdag d. 16 oktober til og med s\\u00f8ndag d. 20. oktober 2024.<\\\/p>\\n\n\n<p>Hvis I allerede har reserveret lokaler i huset, er I meget velkomne til at komme i huset i efter\\u00e5rsferien.<\\\/p>\",\"content_column_breakpoint\":\"m\",\"icon_width\":80,\"image\":\"\",\"image_align\":\"between\",\"image_border\":\"rounded\",\"image_grid_breakpoint\":\"m\",\"image_grid_width\":\"1-2\",\"image_height\":500,\"image_svg_color\":\"emphasis\",\"image_width\":1000,\"link_fullwidth\":true,\"link_style\":\"primary\",\"link_target\":false,\"link_text\":\"Tilmelding\",\"margin\":\"default\",\"meta\":\"15. oktober 2024\",\"meta_align\":\"below-title\",\"meta_element\":\"div\",\"meta_style\":\"text-meta\",\"title\":\"Efter\\u00e5rsferie\",\"title_align\":\"top\",\"title_element\":\"h3\",\"title_grid_breakpoint\":\"m\",\"title_grid_width\":\"1-2\",\"title_hover_style\":\"reset\"}}]},{\"type\":\"column\",\"props\":{\"image_position\":\"center-center\",\"position_sticky_breakpoint\":\"m\",\"width_medium\":\"1-4\",\"width_small\":\"1-2\"},\"children\":[{\"type\":\"panel\",\"props\":{\"content\":\"\n\n<p>Hvordan f\\u00e5r vi flere frivillige og hvordan g\\u00f8r vi det attraktivt for de frivillige at blive i vores forening?<\\\/p>\",\"content_column_breakpoint\":\"m\",\"icon_width\":80,\"image\":\"\",\"image_align\":\"between\",\"image_border\":\"rounded\",\"image_grid_breakpoint\":\"m\",\"image_grid_width\":\"1-2\",\"image_height\":500,\"image_svg_color\":\"emphasis\",\"image_width\":1000,\"link\":\"https:\\\/\\\/frivilligvaerket.nemtilmeld.dk\\\/15\",\"link_fullwidth\":true,\"link_style\":\"primary\",\"link_target\":true,\"link_text\":\"Tilmelding\",\"margin\":\"default\",\"meta\":\"11. november 2024 (16:00 - 18:00)\",\"meta_align\":\"below-title\",\"meta_element\":\"div\",\"meta_style\":\"text-meta\",\"title\":\"Netv\\u00e6rksm\\u00f8de rekruttering af frivillige\",\"title_align\":\"top\",\"title_element\":\"h3\",\"title_grid_breakpoint\":\"m\",\"title_grid_width\":\"1-2\",\"title_hover_style\":\"reset\"}}]},{\"type\":\"column\",\"props\":{\"image_position\":\"center-center\",\"position_sticky_breakpoint\":\"m\",\"width_medium\":\"1-4\",\"width_small\":\"1-2\"},\"children\":[{\"type\":\"panel\",\"props\":{\"content\":\"Som frivillig forening er det vigtigt at have de rigtige forsikringer, men det kan v\\u00e6re sv\\u00e6rt at f\\u00e5 overblik over, hvilke forsikringer I har brug for. Frivilligv\\u00e6rket Randers og FrivilligCenter Favrskov inviterer derfor til et opl\\u00e6g om forsikringer, hvor I ogs\\u00e5 kan f\\u00e5 svar p\\u00e5 jeres sp\\u00f8rgsm\\u00e5l.\",\"content_column_breakpoint\":\"m\",\"icon_width\":80,\"image\":\"\",\"image_align\":\"between\",\"image_border\":\"rounded\",\"image_grid_breakpoint\":\"m\",\"image_grid_width\":\"1-2\",\"image_height\":500,\"image_svg_color\":\"emphasis\",\"image_width\":1000,\"link\":\"https:\\\/\\\/frivilligvaerket.nemtilmeld.dk\\\/16\\\/\",\"link_fullwidth\":true,\"link_style\":\"primary\",\"link_target\":true,\"link_text\":\"Tilmelding\",\"margin\":\"default\",\"meta\":\"26. november 2024 (16:00 - 18:00)\",\"meta_align\":\"below-title\",\"meta_element\":\"div\",\"meta_style\":\"text-meta\",\"title\":\"Har din forening de rigtige forsikringer?\",\"title_align\":\"top\",\"title_element\":\"h3\",\"title_grid_breakpoint\":\"m\",\"title_grid_width\":\"1-2\",\"title_hover_style\":\"reset\"}}]}],\"props\":{\"divider\":true,\"id\":\"Egne\",\"layout\":\"1-4,1-4,1-4,1-4|1-2,1-2,1-2,1-2\",\"status\":\"disabled\"}},{\"type\":\"row\",\"children\":[{\"type\":\"column\",\"props\":{\"image_position\":\"center-center\",\"position_sticky_breakpoint\":\"m\"},\"children\":[{\"name\":\"Grid nyheder\",\"type\":\"grid\",\"children\":[{\"type\":\"grid_item\",\"props\":{\"panel_style\":\"card-default\"},\"source\":{\"query\":{\"name\":\"posts.customPosts\",\"arguments\":{\"terms\":[4],\"category_operator\":\"IN\",\"post_tag_operator\":\"IN\",\"users\":[],\"users_operator\":\"IN\",\"offset\":0,\"limit\":4,\"order\":\"date\",\"order_direction\":\"DESC\"}},\"props\":{\"title\":{\"filters\":{\"search\":\"\"},\"name\":\"title\"},\"meta\":{\"filters\":{\"search\":\"\",\"date\":\"\",\"before\":\"Oprettet : \"},\"name\":\"date\"},\"image\":{\"filters\":{\"search\":\"\"},\"name\":\"featuredImage.url\"},\"link\":{\"filters\":{\"search\":\"\"},\"name\":\"link\"},\"content\":{\"filters\":{\"search\":\"\",\"limit\":100},\"arguments\":{\"show_intro_text\":true},\"name\":\"content\"},\"link_text\":{\"filters\":{\"search\":\"\"},\"name\":\"excerpt\"}}}}],\"props\":{\"content_column_breakpoint\":\"m\",\"filter_align\":\"left\",\"filter_all\":true,\"filter_grid_breakpoint\":\"m\",\"filter_grid_width\":\"auto\",\"filter_position\":\"top\",\"filter_style\":\"tab\",\"grid_column_align\":false,\"grid_column_gap\":\"collapse\",\"grid_default\":\"1\",\"grid_medium\":\"4\",\"grid_parallax_justify\":true,\"grid_row_align\":false,\"grid_row_gap\":\"collapse\",\"grid_small\":\"2\",\"icon_width\":80,\"image_align\":\"top\",\"image_grid_breakpoint\":\"m\",\"image_grid_width\":\"1-2\",\"image_height\":\"350\",\"image_svg_color\":\"emphasis\",\"image_transition\":\"scale-up\",\"image_width\":\"610\",\"item_animation\":true,\"lightbox_bg_close\":true,\"link_fullwidth\":true,\"link_margin\":\"medium\",\"link_style\":\"default\",\"link_text\":\"Read More\",\"margin\":\"default\",\"meta_align\":\"below-title\",\"meta_element\":\"div\",\"meta_margin\":\"small\",\"meta_style\":\"text-meta\",\"panel_link\":true,\"panel_padding\":\"default\",\"parallax_easing\":\"1\",\"show_content\":false,\"show_hover_image\":true,\"show_hover_video\":true,\"show_image\":true,\"show_link\":true,\"show_meta\":false,\"show_title\":true,\"show_video\":true,\"title_align\":\"top\",\"title_element\":\"h4\",\"title_grid_breakpoint\":\"m\",\"title_grid_width\":\"1-2\",\"title_hover_style\":\"reset\",\"title_margin\":\"small\",\"title_style\":\"h5\"}}]}]},{\"type\":\"row\",\"props\":{\"layout\":\"1-4,1-4,1-4,1-4|1-2,1-2,1-2,1-2\"},\"children\":[{\"type\":\"column\",\"props\":{\"image_position\":\"center-center\",\"position_sticky_breakpoint\":\"m\",\"width_medium\":\"1-4\",\"width_small\":\"1-2\"},\"children\":[{\"type\":\"panel\",\"props\":{\"content_column_breakpoint\":\"m\",\"icon_width\":80,\"image\":\"wp-content\\\/uploads\\\/photo-1711843250777-f48a9448d9c1-scaled.jpg\",\"image_align\":\"bottom\",\"image_grid_breakpoint\":\"m\",\"image_grid_width\":\"1-2\",\"image_height\":600,\"image_link\":true,\"image_svg_color\":\"emphasis\",\"image_width\":1000,\"link\":\"index.php\\\/raadgivning-for-foreninger\\\/\",\"link_style\":\"default\",\"link_text\":\"\",\"margin\":\"default\",\"meta_align\":\"below-title\",\"meta_element\":\"div\",\"meta_style\":\"text-meta\",\"panel_link\":true,\"title\":\"Foreningsr\\u00e5dgivning\",\"title_align\":\"top\",\"title_decoration\":\"line\",\"title_element\":\"h2\",\"title_grid_breakpoint\":\"m\",\"title_grid_width\":\"1-2\",\"title_hover_style\":\"heading\",\"title_link\":true},\"name\":\"social\"}]},{\"type\":\"column\",\"props\":{\"image_position\":\"center-center\",\"position_sticky_breakpoint\":\"m\",\"width_medium\":\"1-4\",\"width_small\":\"1-2\"},\"children\":[{\"type\":\"panel\",\"props\":{\"content_column_breakpoint\":\"m\",\"icon_width\":80,\"image\":\"wp-content\\\/uploads\\\/2025\\\/05\\\/Lokale-tvaerformat-1000X600-scaled.jpg\",\"image_align\":\"bottom\",\"image_focal_point\":\"bottom-center\",\"image_grid_breakpoint\":\"m\",\"image_grid_width\":\"1-2\",\"image_height\":600,\"image_link\":true,\"image_svg_color\":\"emphasis\",\"image_width\":1000,\"link\":\"index.php\\\/laan-lokale\\\/\",\"link_style\":\"default\",\"link_text\":\"\",\"margin\":\"default\",\"meta_align\":\"below-title\",\"meta_element\":\"div\",\"meta_style\":\"text-meta\",\"panel_link\":true,\"title\":\" L\\u00e5n et lokale\",\"title_align\":\"top\",\"title_decoration\":\"line\",\"title_element\":\"h2\",\"title_grid_breakpoint\":\"m\",\"title_grid_width\":\"1-2\",\"title_hover_style\":\"heading\",\"title_link\":true},\"name\":\"lokal\"}]},{\"type\":\"column\",\"props\":{\"image_position\":\"center-center\",\"position_sticky_breakpoint\":\"m\",\"width_medium\":\"1-4\",\"width_small\":\"1-2\"},\"children\":[{\"type\":\"panel\",\"props\":{\"content_column_breakpoint\":\"m\",\"icon_width\":80,\"image\":\"wp-content\\\/uploads\\\/2025\\\/01\\\/Socialkompas-forside-1000x600-1.jpg\",\"image_align\":\"bottom\",\"image_focal_point\":\"top-center\",\"image_grid_breakpoint\":\"m\",\"image_grid_width\":\"1-2\",\"image_height\":600,\"image_link\":true,\"image_svg_color\":\"emphasis\",\"image_width\":1000,\"link\":\"https:\\\/\\\/randers.socialkompas.dk\\\/\",\"link_style\":\"default\",\"link_target\":true,\"link_text\":\"\",\"margin\":\"default\",\"meta_align\":\"below-title\",\"meta_element\":\"div\",\"meta_style\":\"text-meta\",\"panel_link\":true,\"title\":\"Socialkompas\",\"title_align\":\"top\",\"title_decoration\":\"line\",\"title_element\":\"h2\",\"title_grid_breakpoint\":\"m\",\"title_grid_width\":\"1-2\",\"title_hover_style\":\"reset\"},\"name\":\"kompas\"}]},{\"type\":\"column\",\"props\":{\"image_position\":\"center-center\",\"position_sticky_breakpoint\":\"m\",\"width_medium\":\"1-4\",\"width_small\":\"1-2\"},\"children\":[{\"type\":\"panel\",\"props\":{\"content_column_breakpoint\":\"m\",\"icon_width\":80,\"image\":\"wp-content\\\/uploads\\\/photo-1578357078586-491adf1aa5ba-scaled.jpg\",\"image_align\":\"bottom\",\"image_grid_breakpoint\":\"m\",\"image_grid_width\":\"1-2\",\"image_height\":600,\"image_link\":true,\"image_svg_color\":\"emphasis\",\"image_width\":1000,\"link\":\"index.php\\\/vil-du-vaere-frivillig\\\/\",\"link_style\":\"default\",\"link_text\":\"\",\"margin\":\"default\",\"meta_align\":\"below-title\",\"meta_element\":\"div\",\"meta_style\":\"text-meta\",\"panel_link\":true,\"title\":\"Bliv frivillig\",\"title_align\":\"top\",\"title_decoration\":\"line\",\"title_element\":\"h2\",\"title_grid_breakpoint\":\"m\",\"title_grid_width\":\"1-2\",\"title_hover_style\":\"heading\",\"title_link\":true},\"name\":\"medlem\"}]}]}]}],\"version\":\"4.5.10\"} --><\/p>\n","protected":false},"excerpt":{"rendered":"<p>Frivilligv\u00e6rket Randers Vi g\u00f8r det sjovere at v\u00e6re frivillig Vi g\u00f8r det lettere at v\u00e6re forening Vi viser vej til f\u00e6llesskaber og hj\u00e6lp Frivilligv\u00e6rket Randers Vi g\u00f8r det sjovere at v\u00e6re frivillig Vi g\u00f8r det lettere at v\u00e6re forening Vi viser vej til f\u00e6llesskaber og hj\u00e6lp Foreningsr\u00e5dgivning L\u00e5n et lokale Socialkompas Bliv frivillig<\/p>\n","protected":false},"author":1,"featured_media":0,"parent":0,"menu_order":0,"comment_status":"closed","ping_status":"closed","template":"","meta":{"footnotes":""},"class_list":["post-82","page","type-page","status-publish","hentry"],"_links":{"self":[{"href":"https:\/\/frivilligvaerket.dk\/index.php\/wp-json\/wp\/v2\/pages\/82","targetHints":{"allow":["GET"]}}],"collection":[{"href":"https:\/\/frivilligvaerket.dk\/index.php\/wp-json\/wp\/v2\/pages"}],"about":[{"href":"https:\/\/frivilligvaerket.dk\/index.php\/wp-json\/wp\/v2\/types\/page"}],"author":[{"embeddable":true,"href":"https:\/\/frivilligvaerket.dk\/index.php\/wp-json\/wp\/v2\/users\/1"}],"replies":[{"embeddable":true,"href":"https:\/\/frivilligvaerket.dk\/index.php\/wp-json\/wp\/v2\/comments?post=82"}],"version-history":[{"count":90,"href":"https:\/\/frivilligvaerket.dk\/index.php\/wp-json\/wp\/v2\/pages\/82\/revisions"}],"predecessor-version":[{"id":771,"href":"https:\/\/frivilligvaerket.dk\/index.php\/wp-json\/wp\/v2\/pages\/82\/revisions\/771"}],"wp:attachment":[{"href":"https:\/\/frivilligvaerket.dk\/index.php\/wp-json\/wp\/v2\/media?parent=82"}],"curies":[{"name":"wp","href":"https:\/\/api.w.org\/{rel}","templated":true}]}}