{"id":9,"date":"2024-11-02T18:09:30","date_gmt":"2024-11-02T18:09:30","guid":{"rendered":"https:\/\/frivilligvaerket.dk\/?page_id=9"},"modified":"2025-09-08T12:20:00","modified_gmt":"2025-09-08T12:20:00","slug":"laan-lokale","status":"publish","type":"page","link":"https:\/\/frivilligvaerket.dk\/index.php\/laan-lokale\/","title":{"rendered":"L\u00e5n lokale"},"content":{"rendered":"<p><img decoding=\"async\" src=\"\/wp-content\/uploads\/2025\/05\/Lokale-tvaerformat-1000X600-scaled.jpg\" alt=\"\"><\/p>\n<div>\n<p>Frivilligv\u00e6rket er et samlingssted for frivillige og foreninger i Randers og omegn. Frivillige foreninger, f\u00e6llesskaber og netv\u00e6rk kan gratis l\u00e5ne lokaler i Frivilligv\u00e6rket til m\u00f8der, aktiviteter og arrangementer.<\/p>\n<p>Foreninger, f\u00e6llesskaber og netv\u00e6rk skal v\u00e6re <a href=\"https:\/\/frivilligvaerket.dk\/index.php\/bliv-medlem\/\">medlemmer<\/a> af Frivilligv\u00e6rket for at l\u00e5ne lokaler. Medlemskab er gratis.<\/p>\n<p>Hvis du vil l\u00e5ne et lokale til et m\u00f8de eller et arrangement i din forening, s\u00e5 skriv til <a href=\"mailto:info@frivilligvaerket.dk\">info@frivilligvaerket.dk<\/a><\/p>\n<p>Du har f\u00f8rst reserveret et lokale, n\u00e5r du har f\u00e5et en bekr\u00e6ftelse.<\/p>\n<\/div>\n<div>\n<h3>Foreninger, der vil l\u00e5ne lokale for f\u00f8rste gang<\/h3>\n<p>Hvis I ikke tidligere har l\u00e5nt lokaler af Frivilligv\u00e6rket i Slotscentret, s\u00e5 forventer vi, at I kommer forbi og ser lokalerne og vores n\u00f8gleboks, inden I kan l\u00e5ne lokaler. Det er vigtigt, at I skriver til <a href=\"mailto:info@frivilligvaerket.dk\">info@frivilligvaerket.dk<\/a> og aftaler tid til en rundvisning i god tid.\u00a0<\/p>\n<\/p>\n<\/div>\n<p><!--more--><br \/>\n<!-- {\"type\":\"layout\",\"children\":[{\"type\":\"section\",\"props\":{\"image_position\":\"center-center\",\"style\":\"default\",\"title_breakpoint\":\"xl\",\"title_position\":\"top-left\",\"title_rotation\":\"left\",\"vertical_align\":\"middle\",\"width\":\"default\"},\"children\":[{\"type\":\"row\",\"props\":{\"layout\":\"1-2,1-2\"},\"children\":[{\"type\":\"column\",\"props\":{\"image_position\":\"center-center\",\"position_sticky_breakpoint\":\"m\",\"width_medium\":\"1-2\"},\"children\":[{\"type\":\"image\",\"props\":{\"image\":\"wp-content\\\/uploads\\\/2025\\\/05\\\/Lokale-tvaerformat-1000X600-scaled.jpg\",\"image_svg_color\":\"emphasis\",\"margin\":\"default\"}}]},{\"type\":\"column\",\"props\":{\"image_position\":\"center-center\",\"position_sticky_breakpoint\":\"m\",\"width_medium\":\"1-2\"},\"children\":[{\"type\":\"headline\",\"props\":{\"title_element\":\"h1\"},\"source\":{\"query\":{\"name\":\"pages.singlePage\"},\"props\":{\"content\":{\"filters\":{\"search\":\"\"},\"name\":\"title\"}}}},{\"type\":\"text\",\"props\":{\"column_breakpoint\":\"m\",\"content\":\"\n\n<p>Frivilligv\\u00e6rket er et samlingssted for frivillige og foreninger i Randers og omegn. Frivillige foreninger, f\\u00e6llesskaber og netv\\u00e6rk kan gratis l\\u00e5ne lokaler i Frivilligv\\u00e6rket til m\\u00f8der, aktiviteter og arrangementer.<\\\/p>\\n\n\n<p>Foreninger, f\\u00e6llesskaber og netv\\u00e6rk skal v\\u00e6re <a href=\\\"https:\\\/\\\/frivilligvaerket.dk\\\/index.php\\\/bliv-medlem\\\/\\\">medlemmer<\\\/a> af Frivilligv\\u00e6rket for at l\\u00e5ne lokaler. Medlemskab er gratis.<\\\/p>\\n\n\n<p>Hvis du vil l\\u00e5ne et lokale til et m\\u00f8de eller et arrangement i din forening, s\\u00e5 skriv til <a href=\\\"mailto:info@frivilligvaerket.dk\\\">info@frivilligvaerket.dk<\\\/a><\\\/p>\\n\n\n<p>Du har f\\u00f8rst reserveret et lokale, n\\u00e5r du har f\\u00e5et en bekr\\u00e6ftelse.<\\\/p>\",\"margin\":\"default\"}}]}]},{\"type\":\"row\",\"children\":[{\"type\":\"column\",\"props\":{\"image_position\":\"center-center\",\"position_sticky_breakpoint\":\"m\"},\"children\":[{\"type\":\"text\",\"props\":{\"column_breakpoint\":\"m\",\"content\":\"\n\n<h3>Foreninger, der vil l\\u00e5ne lokale for f\\u00f8rste gang<\\\/h3>\\n\n\n<p>Hvis I ikke tidligere har l\\u00e5nt lokaler af Frivilligv\\u00e6rket i Slotscentret, s\\u00e5 forventer vi, at I kommer forbi og ser lokalerne og vores n\\u00f8gleboks, inden I kan l\\u00e5ne lokaler. Det er vigtigt, at I skriver til <a href=\\\"mailto:info@frivilligvaerket.dk\\\">info@frivilligvaerket.dk<\\\/a> og aftaler tid til en rundvisning i god tid.\\u00a0<\\\/p>\\n\n\n<p><\\\/p>\",\"margin\":\"default\"}}]}]}]}],\"version\":\"4.5.26\"} --><\/p>\n","protected":false},"excerpt":{"rendered":"<p>Frivilligv\u00e6rket er et samlingssted for frivillige og foreninger i Randers og omegn. Frivillige foreninger, f\u00e6llesskaber og netv\u00e6rk kan gratis l\u00e5ne lokaler i Frivilligv\u00e6rket til m\u00f8der, aktiviteter og arrangementer. Foreninger, f\u00e6llesskaber og netv\u00e6rk skal v\u00e6re medlemmer af Frivilligv\u00e6rket for at l\u00e5ne lokaler. Medlemskab er gratis. Hvis du vil l\u00e5ne et lokale til et m\u00f8de eller et [&hellip;]<\/p>\n","protected":false},"author":1,"featured_media":0,"parent":0,"menu_order":0,"comment_status":"closed","ping_status":"closed","template":"","meta":{"footnotes":""},"class_list":["post-9","page","type-page","status-publish","hentry"],"_links":{"self":[{"href":"https:\/\/frivilligvaerket.dk\/index.php\/wp-json\/wp\/v2\/pages\/9","targetHints":{"allow":["GET"]}}],"collection":[{"href":"https:\/\/frivilligvaerket.dk\/index.php\/wp-json\/wp\/v2\/pages"}],"about":[{"href":"https:\/\/frivilligvaerket.dk\/index.php\/wp-json\/wp\/v2\/types\/page"}],"author":[{"embeddable":true,"href":"https:\/\/frivilligvaerket.dk\/index.php\/wp-json\/wp\/v2\/users\/1"}],"replies":[{"embeddable":true,"href":"https:\/\/frivilligvaerket.dk\/index.php\/wp-json\/wp\/v2\/comments?post=9"}],"version-history":[{"count":17,"href":"https:\/\/frivilligvaerket.dk\/index.php\/wp-json\/wp\/v2\/pages\/9\/revisions"}],"predecessor-version":[{"id":807,"href":"https:\/\/frivilligvaerket.dk\/index.php\/wp-json\/wp\/v2\/pages\/9\/revisions\/807"}],"wp:attachment":[{"href":"https:\/\/frivilligvaerket.dk\/index.php\/wp-json\/wp\/v2\/media?parent=9"}],"curies":[{"name":"wp","href":"https:\/\/api.w.org\/{rel}","templated":true}]}}